{"id":21921,"date":"2022-06-24T13:40:01","date_gmt":"2022-06-24T11:40:01","guid":{"rendered":"http:\/\/www.hapy-com.fr\/echoppe\/product\/raquette-plage-kongal-2\/"},"modified":"2022-07-05T23:32:43","modified_gmt":"2022-07-05T21:32:43","slug":"raquette-plage-kongal-2","status":"publish","type":"product","link":"https:\/\/www.hapy-com.fr\/echoppe\/product\/raquette-plage-kongal-2\/","title":{"rendered":"Raquette Plage Kongal"},"content":{"rendered":"<p>Set de raquette de plage en bois. Avec poign\u00e9es renforc\u00e9es, existe dans une large gamme de couleurs vives. Pr\u00e9sent\u00e9 dans un filet avec balle assortie.<\/p>\n","protected":false},"excerpt":{"rendered":"<p>Set de raquette de plage en bois. Avec poign\u00e9es renforc\u00e9es, existe dans une large gamme de couleurs vives. Pr\u00e9sent\u00e9 dans un filet avec balle assortie.<\/p>\n","protected":false},"featured_media":21920,"template":"","meta":[],"product_cat":[360,467],"product_tag":[],"class_list":{"0":"post-21921","1":"product","2":"type-product","3":"status-publish","4":"has-post-thumbnail","6":"product_cat-ete-et-plage","7":"product_cat-jeux-de-plein-air","9":"first","10":"instock","11":"shipping-taxable","12":"purchasable","13":"product-type-simple"},"_links":{"self":[{"href":"https:\/\/www.hapy-com.fr\/echoppe\/wp-json\/wp\/v2\/product\/21921","targetHints":{"allow":["GET"]}}],"collection":[{"href":"https:\/\/www.hapy-com.fr\/echoppe\/wp-json\/wp\/v2\/product"}],"about":[{"href":"https:\/\/www.hapy-com.fr\/echoppe\/wp-json\/wp\/v2\/types\/product"}],"wp:featuredmedia":[{"embeddable":true,"href":"https:\/\/www.hapy-com.fr\/echoppe\/wp-json\/wp\/v2\/media\/21920"}],"wp:attachment":[{"href":"https:\/\/www.hapy-com.fr\/echoppe\/wp-json\/wp\/v2\/media?parent=21921"}],"wp:term":[{"taxonomy":"product_cat","embeddable":true,"href":"https:\/\/www.hapy-com.fr\/echoppe\/wp-json\/wp\/v2\/product_cat?post=21921"},{"taxonomy":"product_tag","embeddable":true,"href":"https:\/\/www.hapy-com.fr\/echoppe\/wp-json\/wp\/v2\/product_tag?post=21921"}],"curies":[{"name":"wp","href":"https:\/\/api.w.org\/{rel}","templated":true}]}}