{"id":21978,"date":"2022-06-24T13:40:50","date_gmt":"2022-06-24T11:40:50","guid":{"rendered":"http:\/\/www.hapy-com.fr\/echoppe\/product\/pareo-serviette-yanex-3\/"},"modified":"2022-06-24T13:40:50","modified_gmt":"2022-06-24T11:40:50","slug":"pareo-serviette-yanex-3","status":"publish","type":"product","link":"https:\/\/www.hapy-com.fr\/echoppe\/product\/pareo-serviette-yanex-3\/","title":{"rendered":"Par\u00e9o Serviette Yanex"},"content":{"rendered":"<p>Serviette Par\u00e9o 2 en 1 en 100% coton de 110g \/ m2 et en diff\u00e9rentes couleurs. Pr\u00e9sent\u00e9 dans une pochette en 100% coton 40 g \/ m2 individuelle avec cordon de serrage assorti. *Pour les commandes avec impression, le co\u00fbt du marquage doit \u00eatre major\u00e9 de + 0,20 \/ unit\u00e9 pour traitement sp\u00e9cial.*<\/p>\n","protected":false},"excerpt":{"rendered":"<p>Serviette Par\u00e9o 2 en 1 en 100% coton de 110g \/ m2 et en diff\u00e9rentes couleurs. Pr\u00e9sent\u00e9 dans une pochette en 100% coton 40 g \/ m2 individuelle avec cordon&#8230;<\/p>\n","protected":false},"featured_media":21977,"template":"","meta":[],"product_cat":[360],"product_tag":[],"class_list":{"0":"post-21978","1":"product","2":"type-product","3":"status-publish","4":"has-post-thumbnail","6":"product_cat-ete-et-plage","8":"first","9":"instock","10":"shipping-taxable","11":"purchasable","12":"product-type-simple"},"_links":{"self":[{"href":"https:\/\/www.hapy-com.fr\/echoppe\/wp-json\/wp\/v2\/product\/21978","targetHints":{"allow":["GET"]}}],"collection":[{"href":"https:\/\/www.hapy-com.fr\/echoppe\/wp-json\/wp\/v2\/product"}],"about":[{"href":"https:\/\/www.hapy-com.fr\/echoppe\/wp-json\/wp\/v2\/types\/product"}],"wp:featuredmedia":[{"embeddable":true,"href":"https:\/\/www.hapy-com.fr\/echoppe\/wp-json\/wp\/v2\/media\/21977"}],"wp:attachment":[{"href":"https:\/\/www.hapy-com.fr\/echoppe\/wp-json\/wp\/v2\/media?parent=21978"}],"wp:term":[{"taxonomy":"product_cat","embeddable":true,"href":"https:\/\/www.hapy-com.fr\/echoppe\/wp-json\/wp\/v2\/product_cat?post=21978"},{"taxonomy":"product_tag","embeddable":true,"href":"https:\/\/www.hapy-com.fr\/echoppe\/wp-json\/wp\/v2\/product_tag?post=21978"}],"curies":[{"name":"wp","href":"https:\/\/api.w.org\/{rel}","templated":true}]}}