{"id":22003,"date":"2022-06-24T13:41:14","date_gmt":"2022-06-24T11:41:14","guid":{"rendered":"http:\/\/www.hapy-com.fr\/echoppe\/product\/pare-soleil-nukel-3\/"},"modified":"2022-07-05T23:49:37","modified_gmt":"2022-07-05T21:49:37","slug":"pare-soleil-nukel-3","status":"publish","type":"product","link":"https:\/\/www.hapy-com.fr\/echoppe\/product\/pare-soleil-nukel-3\/","title":{"rendered":"Pare-Soleil Nukel"},"content":{"rendered":"<p>Parasol de plage de 8 panneaux en nylon r\u00e9sistant et bicolore. 150cm de diam\u00e8tre, avec des jupes lat\u00e9rales et des tubes de couleur blanche recouverts de m\u00e9tal. R\u00e9glable en hauteur et pr\u00e9sent\u00e9 dans une housse en PVC avec bandouli\u00e8re. Disponible dans une large gamme de couleurs.<\/p>\n","protected":false},"excerpt":{"rendered":"<p>Parasol de plage de 8 panneaux en nylon r\u00e9sistant et bicolore. 150cm de diam\u00e8tre, avec des jupes lat\u00e9rales et des tubes de couleur blanche recouverts de m\u00e9tal. R\u00e9glable en hauteur&#8230;<\/p>\n","protected":false},"featured_media":22002,"template":"","meta":[],"product_cat":[360,491],"product_tag":[],"class_list":{"0":"post-22003","1":"product","2":"type-product","3":"status-publish","4":"has-post-thumbnail","6":"product_cat-ete-et-plage","7":"product_cat-pare-soleil","9":"first","10":"instock","11":"shipping-taxable","12":"purchasable","13":"product-type-simple"},"_links":{"self":[{"href":"https:\/\/www.hapy-com.fr\/echoppe\/wp-json\/wp\/v2\/product\/22003","targetHints":{"allow":["GET"]}}],"collection":[{"href":"https:\/\/www.hapy-com.fr\/echoppe\/wp-json\/wp\/v2\/product"}],"about":[{"href":"https:\/\/www.hapy-com.fr\/echoppe\/wp-json\/wp\/v2\/types\/product"}],"wp:featuredmedia":[{"embeddable":true,"href":"https:\/\/www.hapy-com.fr\/echoppe\/wp-json\/wp\/v2\/media\/22002"}],"wp:attachment":[{"href":"https:\/\/www.hapy-com.fr\/echoppe\/wp-json\/wp\/v2\/media?parent=22003"}],"wp:term":[{"taxonomy":"product_cat","embeddable":true,"href":"https:\/\/www.hapy-com.fr\/echoppe\/wp-json\/wp\/v2\/product_cat?post=22003"},{"taxonomy":"product_tag","embeddable":true,"href":"https:\/\/www.hapy-com.fr\/echoppe\/wp-json\/wp\/v2\/product_tag?post=22003"}],"curies":[{"name":"wp","href":"https:\/\/api.w.org\/{rel}","templated":true}]}}