{"id":22019,"date":"2022-06-24T13:41:28","date_gmt":"2022-06-24T11:41:28","guid":{"rendered":"http:\/\/www.hapy-com.fr\/echoppe\/product\/matelas-monvar-4\/"},"modified":"2022-07-05T23:45:26","modified_gmt":"2022-07-05T21:45:26","slug":"matelas-monvar-4","status":"publish","type":"product","link":"https:\/\/www.hapy-com.fr\/echoppe\/product\/matelas-monvar-4\/","title":{"rendered":"Matelas Monvar"},"content":{"rendered":"<p>Matelas gonflable avec fen\u00eatre au niveau de l\u00b4oreill\u00e9. Taille XL 180cm et PVC r\u00e9sistant. Pr\u00e9sent\u00e9 avec un pli sp\u00e9cial pour une impression facile et disponible dans une large gamme de couleurs d\u00b4\u00e9t\u00e9.<\/p>\n","protected":false},"excerpt":{"rendered":"<p>Matelas gonflable avec fen\u00eatre au niveau de l\u00b4oreill\u00e9. Taille XL 180cm et PVC r\u00e9sistant. Pr\u00e9sent\u00e9 avec un pli sp\u00e9cial pour une impression facile et disponible dans une large gamme de&#8230;<\/p>\n","protected":false},"featured_media":22018,"template":"","meta":[],"product_cat":[360,487,464],"product_tag":[],"class_list":{"0":"post-22019","1":"product","2":"type-product","3":"status-publish","4":"has-post-thumbnail","6":"product_cat-ete-et-plage","7":"product_cat-matelas","8":"product_cat-mobilier-de-plage","10":"first","11":"instock","12":"shipping-taxable","13":"purchasable","14":"product-type-simple"},"_links":{"self":[{"href":"https:\/\/www.hapy-com.fr\/echoppe\/wp-json\/wp\/v2\/product\/22019","targetHints":{"allow":["GET"]}}],"collection":[{"href":"https:\/\/www.hapy-com.fr\/echoppe\/wp-json\/wp\/v2\/product"}],"about":[{"href":"https:\/\/www.hapy-com.fr\/echoppe\/wp-json\/wp\/v2\/types\/product"}],"wp:featuredmedia":[{"embeddable":true,"href":"https:\/\/www.hapy-com.fr\/echoppe\/wp-json\/wp\/v2\/media\/22018"}],"wp:attachment":[{"href":"https:\/\/www.hapy-com.fr\/echoppe\/wp-json\/wp\/v2\/media?parent=22019"}],"wp:term":[{"taxonomy":"product_cat","embeddable":true,"href":"https:\/\/www.hapy-com.fr\/echoppe\/wp-json\/wp\/v2\/product_cat?post=22019"},{"taxonomy":"product_tag","embeddable":true,"href":"https:\/\/www.hapy-com.fr\/echoppe\/wp-json\/wp\/v2\/product_tag?post=22019"}],"curies":[{"name":"wp","href":"https:\/\/api.w.org\/{rel}","templated":true}]}}