{"id":22052,"date":"2022-06-24T13:41:58","date_gmt":"2022-06-24T11:41:58","guid":{"rendered":"http:\/\/www.hapy-com.fr\/echoppe\/product\/pare-soleil-fussion-2\/"},"modified":"2022-06-24T13:41:58","modified_gmt":"2022-06-24T11:41:58","slug":"pare-soleil-fussion-2","status":"publish","type":"product","link":"https:\/\/www.hapy-com.fr\/echoppe\/product\/pare-soleil-fussion-2\/","title":{"rendered":"Pare-Soleil Fussion"},"content":{"rendered":"<p>Pare-soleil en aluminium avec une face coloris argent m\u00e9tallis\u00e9 et liser\u00e9 en polyester de couleurs vives. Dimensions 130 x 60 cm. Mousse au dos. Elastiques de fermeture avec anneaux m\u00e9talliques de renfort, deux ventouses pour la fixation. Livr\u00e9 \u00e0 plat pour faciliter le marquage.<\/p>\n","protected":false},"excerpt":{"rendered":"<p>Pare-soleil en aluminium avec une face coloris argent m\u00e9tallis\u00e9 et liser\u00e9 en polyester de couleurs vives. Dimensions 130 x 60 cm. Mousse au dos. Elastiques de fermeture avec anneaux m\u00e9talliques&#8230;<\/p>\n","protected":false},"featured_media":22050,"template":"","meta":[],"product_cat":[360],"product_tag":[],"class_list":{"0":"post-22052","1":"product","2":"type-product","3":"status-publish","4":"has-post-thumbnail","6":"product_cat-ete-et-plage","8":"first","9":"instock","10":"shipping-taxable","11":"purchasable","12":"product-type-simple"},"_links":{"self":[{"href":"https:\/\/www.hapy-com.fr\/echoppe\/wp-json\/wp\/v2\/product\/22052","targetHints":{"allow":["GET"]}}],"collection":[{"href":"https:\/\/www.hapy-com.fr\/echoppe\/wp-json\/wp\/v2\/product"}],"about":[{"href":"https:\/\/www.hapy-com.fr\/echoppe\/wp-json\/wp\/v2\/types\/product"}],"wp:featuredmedia":[{"embeddable":true,"href":"https:\/\/www.hapy-com.fr\/echoppe\/wp-json\/wp\/v2\/media\/22050"}],"wp:attachment":[{"href":"https:\/\/www.hapy-com.fr\/echoppe\/wp-json\/wp\/v2\/media?parent=22052"}],"wp:term":[{"taxonomy":"product_cat","embeddable":true,"href":"https:\/\/www.hapy-com.fr\/echoppe\/wp-json\/wp\/v2\/product_cat?post=22052"},{"taxonomy":"product_tag","embeddable":true,"href":"https:\/\/www.hapy-com.fr\/echoppe\/wp-json\/wp\/v2\/product_tag?post=22052"}],"curies":[{"name":"wp","href":"https:\/\/api.w.org\/{rel}","templated":true}]}}