{"id":22056,"date":"2022-06-24T13:42:02","date_gmt":"2022-06-24T11:42:02","guid":{"rendered":"http:\/\/www.hapy-com.fr\/echoppe\/product\/couvre-volant-aston\/"},"modified":"2022-06-24T13:42:02","modified_gmt":"2022-06-24T11:42:02","slug":"couvre-volant-aston","status":"publish","type":"product","link":"https:\/\/www.hapy-com.fr\/echoppe\/product\/couvre-volant-aston\/","title":{"rendered":"Couvre Volant Aston"},"content":{"rendered":"<p>Couvre volant en aluminium avec une face coloris argent m\u00e9tallis\u00e9 et liser\u00e9 noir en polyester. Diametre de 43 cm. Mousse au dos. Livr\u00e9 \u00e0 plat pour faciliter le marquage.<\/p>\n","protected":false},"excerpt":{"rendered":"<p>Couvre volant en aluminium avec une face coloris argent m\u00e9tallis\u00e9 et liser\u00e9 noir en polyester. Diametre de 43 cm. Mousse au dos. Livr\u00e9 \u00e0 plat pour faciliter le marquage.<\/p>\n","protected":false},"featured_media":22055,"template":"","meta":[],"product_cat":[360],"product_tag":[],"class_list":{"0":"post-22056","1":"product","2":"type-product","3":"status-publish","4":"has-post-thumbnail","6":"product_cat-ete-et-plage","8":"first","9":"instock","10":"shipping-taxable","11":"purchasable","12":"product-type-simple"},"_links":{"self":[{"href":"https:\/\/www.hapy-com.fr\/echoppe\/wp-json\/wp\/v2\/product\/22056","targetHints":{"allow":["GET"]}}],"collection":[{"href":"https:\/\/www.hapy-com.fr\/echoppe\/wp-json\/wp\/v2\/product"}],"about":[{"href":"https:\/\/www.hapy-com.fr\/echoppe\/wp-json\/wp\/v2\/types\/product"}],"wp:featuredmedia":[{"embeddable":true,"href":"https:\/\/www.hapy-com.fr\/echoppe\/wp-json\/wp\/v2\/media\/22055"}],"wp:attachment":[{"href":"https:\/\/www.hapy-com.fr\/echoppe\/wp-json\/wp\/v2\/media?parent=22056"}],"wp:term":[{"taxonomy":"product_cat","embeddable":true,"href":"https:\/\/www.hapy-com.fr\/echoppe\/wp-json\/wp\/v2\/product_cat?post=22056"},{"taxonomy":"product_tag","embeddable":true,"href":"https:\/\/www.hapy-com.fr\/echoppe\/wp-json\/wp\/v2\/product_tag?post=22056"}],"curies":[{"name":"wp","href":"https:\/\/api.w.org\/{rel}","templated":true}]}}