{"id":22090,"date":"2022-06-24T13:42:27","date_gmt":"2022-06-24T11:42:27","guid":{"rendered":"http:\/\/www.hapy-com.fr\/echoppe\/product\/tongues-salti-12\/"},"modified":"2022-07-05T23:36:09","modified_gmt":"2022-07-05T21:36:09","slug":"tongues-salti-12","status":"publish","type":"product","link":"https:\/\/www.hapy-com.fr\/echoppe\/product\/tongues-salti-12\/","title":{"rendered":"Tongues Salti"},"content":{"rendered":"<p>Paire de tongs avec semelle en  EVA r\u00e9sistant et lani\u00e8re PVC assortie dans une gamme de coloris vari\u00e9s. Disponibles en tailles 36-38 et 42-44.<\/p>\n","protected":false},"excerpt":{"rendered":"<p>Paire de tongs avec semelle en EVA r\u00e9sistant et lani\u00e8re PVC assortie dans une gamme de coloris vari\u00e9s. Disponibles en tailles 36-38 et 42-44.<\/p>\n","protected":false},"featured_media":22074,"template":"","meta":[],"product_cat":[463,360],"product_tag":[],"class_list":{"0":"post-22090","1":"product","2":"type-product","3":"status-publish","4":"has-post-thumbnail","6":"product_cat-chaussures-et-tongues","7":"product_cat-ete-et-plage","9":"first","10":"instock","11":"shipping-taxable","12":"purchasable","13":"product-type-simple"},"_links":{"self":[{"href":"https:\/\/www.hapy-com.fr\/echoppe\/wp-json\/wp\/v2\/product\/22090","targetHints":{"allow":["GET"]}}],"collection":[{"href":"https:\/\/www.hapy-com.fr\/echoppe\/wp-json\/wp\/v2\/product"}],"about":[{"href":"https:\/\/www.hapy-com.fr\/echoppe\/wp-json\/wp\/v2\/types\/product"}],"wp:featuredmedia":[{"embeddable":true,"href":"https:\/\/www.hapy-com.fr\/echoppe\/wp-json\/wp\/v2\/media\/22074"}],"wp:attachment":[{"href":"https:\/\/www.hapy-com.fr\/echoppe\/wp-json\/wp\/v2\/media?parent=22090"}],"wp:term":[{"taxonomy":"product_cat","embeddable":true,"href":"https:\/\/www.hapy-com.fr\/echoppe\/wp-json\/wp\/v2\/product_cat?post=22090"},{"taxonomy":"product_tag","embeddable":true,"href":"https:\/\/www.hapy-com.fr\/echoppe\/wp-json\/wp\/v2\/product_tag?post=22090"}],"curies":[{"name":"wp","href":"https:\/\/api.w.org\/{rel}","templated":true}]}}