{"id":22127,"date":"2022-06-24T13:42:55","date_gmt":"2022-06-24T11:42:55","guid":{"rendered":"http:\/\/www.hapy-com.fr\/echoppe\/product\/tongues-brasileira-8\/"},"modified":"2022-07-05T23:36:06","modified_gmt":"2022-07-05T21:36:06","slug":"tongues-brasileira-8","status":"publish","type":"product","link":"https:\/\/www.hapy-com.fr\/echoppe\/product\/tongues-brasileira-8\/","title":{"rendered":"Tongues Brasileira"},"content":{"rendered":"<p>Paire de tongs avec semelle en EVA r\u00e9sistant et lani\u00e8res en PVC avec drapeau br\u00e9silien. Plusieurs coloris. Disponibles dans les tailles 36-38 et 42-44.<\/p>\n","protected":false},"excerpt":{"rendered":"<p>Paire de tongs avec semelle en EVA r\u00e9sistant et lani\u00e8res en PVC avec drapeau br\u00e9silien. Plusieurs coloris. Disponibles dans les tailles 36-38 et 42-44.<\/p>\n","protected":false},"featured_media":22125,"template":"","meta":[],"product_cat":[463,360],"product_tag":[],"class_list":{"0":"post-22127","1":"product","2":"type-product","3":"status-publish","4":"has-post-thumbnail","6":"product_cat-chaussures-et-tongues","7":"product_cat-ete-et-plage","9":"first","10":"instock","11":"shipping-taxable","12":"purchasable","13":"product-type-simple"},"_links":{"self":[{"href":"https:\/\/www.hapy-com.fr\/echoppe\/wp-json\/wp\/v2\/product\/22127","targetHints":{"allow":["GET"]}}],"collection":[{"href":"https:\/\/www.hapy-com.fr\/echoppe\/wp-json\/wp\/v2\/product"}],"about":[{"href":"https:\/\/www.hapy-com.fr\/echoppe\/wp-json\/wp\/v2\/types\/product"}],"wp:featuredmedia":[{"embeddable":true,"href":"https:\/\/www.hapy-com.fr\/echoppe\/wp-json\/wp\/v2\/media\/22125"}],"wp:attachment":[{"href":"https:\/\/www.hapy-com.fr\/echoppe\/wp-json\/wp\/v2\/media?parent=22127"}],"wp:term":[{"taxonomy":"product_cat","embeddable":true,"href":"https:\/\/www.hapy-com.fr\/echoppe\/wp-json\/wp\/v2\/product_cat?post=22127"},{"taxonomy":"product_tag","embeddable":true,"href":"https:\/\/www.hapy-com.fr\/echoppe\/wp-json\/wp\/v2\/product_tag?post=22127"}],"curies":[{"name":"wp","href":"https:\/\/api.w.org\/{rel}","templated":true}]}}