{"id":22135,"date":"2022-06-24T13:43:02","date_gmt":"2022-06-24T11:43:02","guid":{"rendered":"http:\/\/www.hapy-com.fr\/echoppe\/product\/sac-maxi-2\/"},"modified":"2022-06-24T13:43:02","modified_gmt":"2022-06-24T11:43:02","slug":"sac-maxi-2","status":"publish","type":"product","link":"https:\/\/www.hapy-com.fr\/echoppe\/product\/sac-maxi-2\/","title":{"rendered":"Sac Maxi"},"content":{"rendered":"<p>Sac de plage original en polyester 600D r\u00e9sistant avec trousse int\u00e9rieure assortie. Passepoil de renfort blanc, longues bretelles en nylon pour \u00e9paule. Fermeture zipp\u00e9e. Coloris vari\u00e9s .<\/p>\n","protected":false},"excerpt":{"rendered":"<p>Sac de plage original en polyester 600D r\u00e9sistant avec trousse int\u00e9rieure assortie. Passepoil de renfort blanc, longues bretelles en nylon pour \u00e9paule. Fermeture zipp\u00e9e. Coloris vari\u00e9s .<\/p>\n","protected":false},"featured_media":22134,"template":"","meta":[],"product_cat":[360],"product_tag":[],"class_list":{"0":"post-22135","1":"product","2":"type-product","3":"status-publish","4":"has-post-thumbnail","6":"product_cat-ete-et-plage","8":"first","9":"instock","10":"shipping-taxable","11":"purchasable","12":"product-type-simple"},"_links":{"self":[{"href":"https:\/\/www.hapy-com.fr\/echoppe\/wp-json\/wp\/v2\/product\/22135","targetHints":{"allow":["GET"]}}],"collection":[{"href":"https:\/\/www.hapy-com.fr\/echoppe\/wp-json\/wp\/v2\/product"}],"about":[{"href":"https:\/\/www.hapy-com.fr\/echoppe\/wp-json\/wp\/v2\/types\/product"}],"wp:featuredmedia":[{"embeddable":true,"href":"https:\/\/www.hapy-com.fr\/echoppe\/wp-json\/wp\/v2\/media\/22134"}],"wp:attachment":[{"href":"https:\/\/www.hapy-com.fr\/echoppe\/wp-json\/wp\/v2\/media?parent=22135"}],"wp:term":[{"taxonomy":"product_cat","embeddable":true,"href":"https:\/\/www.hapy-com.fr\/echoppe\/wp-json\/wp\/v2\/product_cat?post=22135"},{"taxonomy":"product_tag","embeddable":true,"href":"https:\/\/www.hapy-com.fr\/echoppe\/wp-json\/wp\/v2\/product_tag?post=22135"}],"curies":[{"name":"wp","href":"https:\/\/api.w.org\/{rel}","templated":true}]}}