{"id":22167,"date":"2022-06-24T13:43:35","date_gmt":"2022-06-24T11:43:35","guid":{"rendered":"http:\/\/www.hapy-com.fr\/echoppe\/product\/tongues-caiman-4\/"},"modified":"2022-07-05T23:36:06","modified_gmt":"2022-07-05T21:36:06","slug":"tongues-caiman-4","status":"publish","type":"product","link":"https:\/\/www.hapy-com.fr\/echoppe\/product\/tongues-caiman-4\/","title":{"rendered":"Tongues Caim\u00e1n"},"content":{"rendered":"<p>Paire de tongs \u00e0 semelles \u00e9paisses et bicolores en EVA r\u00e9sistant. Lani\u00e8res en nylon assorties. Plusieurs coloris. Disponibles en tailles 36-38 et 42-44.<\/p>\n","protected":false},"excerpt":{"rendered":"<p>Paire de tongs \u00e0 semelles \u00e9paisses et bicolores en EVA r\u00e9sistant. Lani\u00e8res en nylon assorties. Plusieurs coloris. Disponibles en tailles 36-38 et 42-44.<\/p>\n","protected":false},"featured_media":22165,"template":"","meta":[],"product_cat":[463,360],"product_tag":[],"class_list":{"0":"post-22167","1":"product","2":"type-product","3":"status-publish","4":"has-post-thumbnail","6":"product_cat-chaussures-et-tongues","7":"product_cat-ete-et-plage","9":"first","10":"instock","11":"shipping-taxable","12":"purchasable","13":"product-type-simple"},"_links":{"self":[{"href":"https:\/\/www.hapy-com.fr\/echoppe\/wp-json\/wp\/v2\/product\/22167","targetHints":{"allow":["GET"]}}],"collection":[{"href":"https:\/\/www.hapy-com.fr\/echoppe\/wp-json\/wp\/v2\/product"}],"about":[{"href":"https:\/\/www.hapy-com.fr\/echoppe\/wp-json\/wp\/v2\/types\/product"}],"wp:featuredmedia":[{"embeddable":true,"href":"https:\/\/www.hapy-com.fr\/echoppe\/wp-json\/wp\/v2\/media\/22165"}],"wp:attachment":[{"href":"https:\/\/www.hapy-com.fr\/echoppe\/wp-json\/wp\/v2\/media?parent=22167"}],"wp:term":[{"taxonomy":"product_cat","embeddable":true,"href":"https:\/\/www.hapy-com.fr\/echoppe\/wp-json\/wp\/v2\/product_cat?post=22167"},{"taxonomy":"product_tag","embeddable":true,"href":"https:\/\/www.hapy-com.fr\/echoppe\/wp-json\/wp\/v2\/product_tag?post=22167"}],"curies":[{"name":"wp","href":"https:\/\/api.w.org\/{rel}","templated":true}]}}