{"id":22180,"date":"2022-06-24T13:43:43","date_gmt":"2022-06-24T11:43:43","guid":{"rendered":"http:\/\/www.hapy-com.fr\/echoppe\/product\/matelas-pumper-3\/"},"modified":"2022-07-05T23:45:25","modified_gmt":"2022-07-05T21:45:25","slug":"matelas-pumper-3","status":"publish","type":"product","link":"https:\/\/www.hapy-com.fr\/echoppe\/product\/matelas-pumper-3\/","title":{"rendered":"Matelas Pumper"},"content":{"rendered":"<p>Matelas gonflable de 180 cm en PVC r\u00e9sistant de couleur vive. Livr\u00e9 avec un pliage sp\u00e9cial pour faciliter l\u00b4impression.<\/p>\n","protected":false},"excerpt":{"rendered":"<p>Matelas gonflable de 180 cm en PVC r\u00e9sistant de couleur vive. Livr\u00e9 avec un pliage sp\u00e9cial pour faciliter l\u00b4impression.<\/p>\n","protected":false},"featured_media":22179,"template":"","meta":[],"product_cat":[360,487,464],"product_tag":[],"class_list":{"0":"post-22180","1":"product","2":"type-product","3":"status-publish","4":"has-post-thumbnail","6":"product_cat-ete-et-plage","7":"product_cat-matelas","8":"product_cat-mobilier-de-plage","10":"first","11":"instock","12":"shipping-taxable","13":"purchasable","14":"product-type-simple"},"_links":{"self":[{"href":"https:\/\/www.hapy-com.fr\/echoppe\/wp-json\/wp\/v2\/product\/22180","targetHints":{"allow":["GET"]}}],"collection":[{"href":"https:\/\/www.hapy-com.fr\/echoppe\/wp-json\/wp\/v2\/product"}],"about":[{"href":"https:\/\/www.hapy-com.fr\/echoppe\/wp-json\/wp\/v2\/types\/product"}],"wp:featuredmedia":[{"embeddable":true,"href":"https:\/\/www.hapy-com.fr\/echoppe\/wp-json\/wp\/v2\/media\/22179"}],"wp:attachment":[{"href":"https:\/\/www.hapy-com.fr\/echoppe\/wp-json\/wp\/v2\/media?parent=22180"}],"wp:term":[{"taxonomy":"product_cat","embeddable":true,"href":"https:\/\/www.hapy-com.fr\/echoppe\/wp-json\/wp\/v2\/product_cat?post=22180"},{"taxonomy":"product_tag","embeddable":true,"href":"https:\/\/www.hapy-com.fr\/echoppe\/wp-json\/wp\/v2\/product_tag?post=22180"}],"curies":[{"name":"wp","href":"https:\/\/api.w.org\/{rel}","templated":true}]}}