{"id":22187,"date":"2022-06-24T13:43:50","date_gmt":"2022-06-24T11:43:50","guid":{"rendered":"http:\/\/www.hapy-com.fr\/echoppe\/product\/fauteuil-reset-2\/"},"modified":"2022-07-05T23:43:43","modified_gmt":"2022-07-05T21:43:43","slug":"fauteuil-reset-2","status":"publish","type":"product","link":"https:\/\/www.hapy-com.fr\/echoppe\/product\/fauteuil-reset-2\/","title":{"rendered":"Fauteuil Reset"},"content":{"rendered":"<p>Fauteuil gonflable en PVC avec dossier confortable et assise renforc\u00e9e en couleurs vives. Livr\u00e9 avec un pliage sp\u00e9cial pour faciliter l\u00b4impression.<\/p>\n","protected":false},"excerpt":{"rendered":"<p>Fauteuil gonflable en PVC avec dossier confortable et assise renforc\u00e9e en couleurs vives. Livr\u00e9 avec un pliage sp\u00e9cial pour faciliter l\u00b4impression.<\/p>\n","protected":false},"featured_media":22186,"template":"","meta":[],"product_cat":[360,485,464],"product_tag":[],"class_list":{"0":"post-22187","1":"product","2":"type-product","3":"status-publish","4":"has-post-thumbnail","6":"product_cat-ete-et-plage","7":"product_cat-fauteuil","8":"product_cat-mobilier-de-plage","10":"first","11":"instock","12":"shipping-taxable","13":"purchasable","14":"product-type-simple"},"_links":{"self":[{"href":"https:\/\/www.hapy-com.fr\/echoppe\/wp-json\/wp\/v2\/product\/22187","targetHints":{"allow":["GET"]}}],"collection":[{"href":"https:\/\/www.hapy-com.fr\/echoppe\/wp-json\/wp\/v2\/product"}],"about":[{"href":"https:\/\/www.hapy-com.fr\/echoppe\/wp-json\/wp\/v2\/types\/product"}],"wp:featuredmedia":[{"embeddable":true,"href":"https:\/\/www.hapy-com.fr\/echoppe\/wp-json\/wp\/v2\/media\/22186"}],"wp:attachment":[{"href":"https:\/\/www.hapy-com.fr\/echoppe\/wp-json\/wp\/v2\/media?parent=22187"}],"wp:term":[{"taxonomy":"product_cat","embeddable":true,"href":"https:\/\/www.hapy-com.fr\/echoppe\/wp-json\/wp\/v2\/product_cat?post=22187"},{"taxonomy":"product_tag","embeddable":true,"href":"https:\/\/www.hapy-com.fr\/echoppe\/wp-json\/wp\/v2\/product_tag?post=22187"}],"curies":[{"name":"wp","href":"https:\/\/api.w.org\/{rel}","templated":true}]}}