{"id":22194,"date":"2022-06-24T13:43:55","date_gmt":"2022-06-24T11:43:55","guid":{"rendered":"http:\/\/www.hapy-com.fr\/echoppe\/product\/sac-drago-3\/"},"modified":"2022-06-24T13:43:55","modified_gmt":"2022-06-24T11:43:55","slug":"sac-drago-3","status":"publish","type":"product","link":"https:\/\/www.hapy-com.fr\/echoppe\/product\/sac-drago-3\/","title":{"rendered":"Sac Drago"},"content":{"rendered":"<p>Sac en polyester 600D r\u00e9sistant. Ligne bicolore originale dans des tons vifs. Longues bretelles et fermeture par cordon assorti avec accessoire de r\u00e9glage. Poche int\u00e9rieure zipp\u00e9e.<\/p>\n","protected":false},"excerpt":{"rendered":"<p>Sac en polyester 600D r\u00e9sistant. Ligne bicolore originale dans des tons vifs. Longues bretelles et fermeture par cordon assorti avec accessoire de r\u00e9glage. Poche int\u00e9rieure zipp\u00e9e.<\/p>\n","protected":false},"featured_media":22190,"template":"","meta":[],"product_cat":[360],"product_tag":[],"class_list":{"0":"post-22194","1":"product","2":"type-product","3":"status-publish","4":"has-post-thumbnail","6":"product_cat-ete-et-plage","8":"first","9":"instock","10":"shipping-taxable","11":"purchasable","12":"product-type-simple"},"_links":{"self":[{"href":"https:\/\/www.hapy-com.fr\/echoppe\/wp-json\/wp\/v2\/product\/22194","targetHints":{"allow":["GET"]}}],"collection":[{"href":"https:\/\/www.hapy-com.fr\/echoppe\/wp-json\/wp\/v2\/product"}],"about":[{"href":"https:\/\/www.hapy-com.fr\/echoppe\/wp-json\/wp\/v2\/types\/product"}],"wp:featuredmedia":[{"embeddable":true,"href":"https:\/\/www.hapy-com.fr\/echoppe\/wp-json\/wp\/v2\/media\/22190"}],"wp:attachment":[{"href":"https:\/\/www.hapy-com.fr\/echoppe\/wp-json\/wp\/v2\/media?parent=22194"}],"wp:term":[{"taxonomy":"product_cat","embeddable":true,"href":"https:\/\/www.hapy-com.fr\/echoppe\/wp-json\/wp\/v2\/product_cat?post=22194"},{"taxonomy":"product_tag","embeddable":true,"href":"https:\/\/www.hapy-com.fr\/echoppe\/wp-json\/wp\/v2\/product_tag?post=22194"}],"curies":[{"name":"wp","href":"https:\/\/api.w.org\/{rel}","templated":true}]}}