{"id":22216,"date":"2022-06-24T13:44:15","date_gmt":"2022-06-24T11:44:15","guid":{"rendered":"http:\/\/www.hapy-com.fr\/echoppe\/product\/sac-purse-8\/"},"modified":"2022-06-24T13:44:15","modified_gmt":"2022-06-24T11:44:15","slug":"sac-purse-8","status":"publish","type":"product","link":"https:\/\/www.hapy-com.fr\/echoppe\/product\/sac-purse-8\/","title":{"rendered":"Sac Purse"},"content":{"rendered":"<p>Sac de plage original en polyester 600D r\u00e9sistant en couleurs vives avec trousse de toilette int\u00e9rieure assortie. Anses longues en nylon et fermeture zipp\u00e9e.<\/p>\n","protected":false},"excerpt":{"rendered":"<p>Sac de plage original en polyester 600D r\u00e9sistant en couleurs vives avec trousse de toilette int\u00e9rieure assortie. Anses longues en nylon et fermeture zipp\u00e9e.<\/p>\n","protected":false},"featured_media":22215,"template":"","meta":[],"product_cat":[360],"product_tag":[],"class_list":{"0":"post-22216","1":"product","2":"type-product","3":"status-publish","4":"has-post-thumbnail","6":"product_cat-ete-et-plage","8":"first","9":"instock","10":"shipping-taxable","11":"purchasable","12":"product-type-simple"},"_links":{"self":[{"href":"https:\/\/www.hapy-com.fr\/echoppe\/wp-json\/wp\/v2\/product\/22216","targetHints":{"allow":["GET"]}}],"collection":[{"href":"https:\/\/www.hapy-com.fr\/echoppe\/wp-json\/wp\/v2\/product"}],"about":[{"href":"https:\/\/www.hapy-com.fr\/echoppe\/wp-json\/wp\/v2\/types\/product"}],"wp:featuredmedia":[{"embeddable":true,"href":"https:\/\/www.hapy-com.fr\/echoppe\/wp-json\/wp\/v2\/media\/22215"}],"wp:attachment":[{"href":"https:\/\/www.hapy-com.fr\/echoppe\/wp-json\/wp\/v2\/media?parent=22216"}],"wp:term":[{"taxonomy":"product_cat","embeddable":true,"href":"https:\/\/www.hapy-com.fr\/echoppe\/wp-json\/wp\/v2\/product_cat?post=22216"},{"taxonomy":"product_tag","embeddable":true,"href":"https:\/\/www.hapy-com.fr\/echoppe\/wp-json\/wp\/v2\/product_tag?post=22216"}],"curies":[{"name":"wp","href":"https:\/\/api.w.org\/{rel}","templated":true}]}}