{"id":22251,"date":"2022-06-24T13:44:43","date_gmt":"2022-06-24T11:44:43","guid":{"rendered":"http:\/\/www.hapy-com.fr\/echoppe\/product\/sac-a-dos-antibacterien-trecel\/"},"modified":"2022-06-24T13:44:43","modified_gmt":"2022-06-24T11:44:43","slug":"sac-a-dos-antibacterien-trecel","status":"publish","type":"product","link":"https:\/\/www.hapy-com.fr\/echoppe\/product\/sac-a-dos-antibacterien-trecel\/","title":{"rendered":"Sac \u00e0 Dos Antibact\u00e9rien Trecel"},"content":{"rendered":"<p>Sac \u00e0 dos antibact\u00e9rien, fabriqu\u00e9 en polyester \u00e9lastique doux avec des propri\u00e9t\u00e9s hydrofuges et facile \u00e0 imprimer. Avec \u00e9tiquette antibact\u00e9rienne distinctive. Taille 34&#215;42 cm, finition cousue et cordelettes \u00e9paisses de couleur assortie. R\u00e9sistance jusqu\u00b4\u00e0 7 kg.  Les produits avec des traitements antibact\u00e9riens sont capables de r\u00e9duire consid\u00e9rablement les niveaux bact\u00e9riens pr\u00e9sents sur les surfaces des mat\u00e9riaux, gr\u00e2ce \u00e0 l\u00b4ajout d\u00b4agents microbiens statiques permanents, avec une grande efficacit\u00e9 pour inhiber et pr\u00e9venir la contamination bact\u00e9rienne.  Article conforme \u00e0 la norme ISO 20743, qui d\u00e9termine l\u00b4activit\u00e9 antibact\u00e9rienne des produits textiles. Cela nous permet de conna\u00eetre l\u00b4efficacit\u00e9 de l\u00b4inhibition microbienne des additifs sur les objets trait\u00e9s au moyen d\u00b4une \u00e9valuation quantitative.<\/p>\n","protected":false},"excerpt":{"rendered":"<p>Sac \u00e0 dos antibact\u00e9rien, fabriqu\u00e9 en polyester \u00e9lastique doux avec des propri\u00e9t\u00e9s hydrofuges et facile \u00e0 imprimer. Avec \u00e9tiquette antibact\u00e9rienne distinctive. Taille 34&#215;42 cm, finition cousue et cordelettes \u00e9paisses de&#8230;<\/p>\n","protected":false},"featured_media":22248,"template":"","meta":[],"product_cat":[338],"product_tag":[],"class_list":{"0":"post-22251","1":"product","2":"type-product","3":"status-publish","4":"has-post-thumbnail","6":"product_cat-voyage-bagagerie","8":"first","9":"instock","10":"shipping-taxable","11":"purchasable","12":"product-type-simple"},"_links":{"self":[{"href":"https:\/\/www.hapy-com.fr\/echoppe\/wp-json\/wp\/v2\/product\/22251","targetHints":{"allow":["GET"]}}],"collection":[{"href":"https:\/\/www.hapy-com.fr\/echoppe\/wp-json\/wp\/v2\/product"}],"about":[{"href":"https:\/\/www.hapy-com.fr\/echoppe\/wp-json\/wp\/v2\/types\/product"}],"wp:featuredmedia":[{"embeddable":true,"href":"https:\/\/www.hapy-com.fr\/echoppe\/wp-json\/wp\/v2\/media\/22248"}],"wp:attachment":[{"href":"https:\/\/www.hapy-com.fr\/echoppe\/wp-json\/wp\/v2\/media?parent=22251"}],"wp:term":[{"taxonomy":"product_cat","embeddable":true,"href":"https:\/\/www.hapy-com.fr\/echoppe\/wp-json\/wp\/v2\/product_cat?post=22251"},{"taxonomy":"product_tag","embeddable":true,"href":"https:\/\/www.hapy-com.fr\/echoppe\/wp-json\/wp\/v2\/product_tag?post=22251"}],"curies":[{"name":"wp","href":"https:\/\/api.w.org\/{rel}","templated":true}]}}