{"id":22256,"date":"2022-06-24T13:44:47","date_gmt":"2022-06-24T11:44:47","guid":{"rendered":"http:\/\/www.hapy-com.fr\/echoppe\/product\/balluchon-giant-2\/"},"modified":"2022-06-24T13:44:47","modified_gmt":"2022-06-24T11:44:47","slug":"balluchon-giant-2","status":"publish","type":"product","link":"https:\/\/www.hapy-com.fr\/echoppe\/product\/balluchon-giant-2\/","title":{"rendered":"Balluchon Giant"},"content":{"rendered":"<p>Sac fourre-tout multifonctions de grande capacit\u00e9 en polyester r\u00e9sistant en 600D de couleurs vives. Fermeture sur la partie sup\u00e9rieure avec corde \u00e9quip\u00e9e d\u00b4accessoire de serrage et \u0153illets renforc\u00e9s. Sangle lat\u00e9rale 2 en 1 \u00e0 fermeture zipp\u00e9e pour transport sur une seule \u00e9paule ou sur les deux.<\/p>\n","protected":false},"excerpt":{"rendered":"<p>Sac fourre-tout multifonctions de grande capacit\u00e9 en polyester r\u00e9sistant en 600D de couleurs vives. Fermeture sur la partie sup\u00e9rieure avec corde \u00e9quip\u00e9e d\u00b4accessoire de serrage et \u0153illets renforc\u00e9s. Sangle lat\u00e9rale&#8230;<\/p>\n","protected":false},"featured_media":22255,"template":"","meta":[],"product_cat":[338],"product_tag":[],"class_list":{"0":"post-22256","1":"product","2":"type-product","3":"status-publish","4":"has-post-thumbnail","6":"product_cat-voyage-bagagerie","8":"first","9":"instock","10":"shipping-taxable","11":"purchasable","12":"product-type-simple"},"_links":{"self":[{"href":"https:\/\/www.hapy-com.fr\/echoppe\/wp-json\/wp\/v2\/product\/22256","targetHints":{"allow":["GET"]}}],"collection":[{"href":"https:\/\/www.hapy-com.fr\/echoppe\/wp-json\/wp\/v2\/product"}],"about":[{"href":"https:\/\/www.hapy-com.fr\/echoppe\/wp-json\/wp\/v2\/types\/product"}],"wp:featuredmedia":[{"embeddable":true,"href":"https:\/\/www.hapy-com.fr\/echoppe\/wp-json\/wp\/v2\/media\/22255"}],"wp:attachment":[{"href":"https:\/\/www.hapy-com.fr\/echoppe\/wp-json\/wp\/v2\/media?parent=22256"}],"wp:term":[{"taxonomy":"product_cat","embeddable":true,"href":"https:\/\/www.hapy-com.fr\/echoppe\/wp-json\/wp\/v2\/product_cat?post=22256"},{"taxonomy":"product_tag","embeddable":true,"href":"https:\/\/www.hapy-com.fr\/echoppe\/wp-json\/wp\/v2\/product_tag?post=22256"}],"curies":[{"name":"wp","href":"https:\/\/api.w.org\/{rel}","templated":true}]}}