{"id":22288,"date":"2022-06-24T13:45:19","date_gmt":"2022-06-24T11:45:19","guid":{"rendered":"http:\/\/www.hapy-com.fr\/echoppe\/product\/sac-a-dos-spook-11\/"},"modified":"2022-06-24T13:45:19","modified_gmt":"2022-06-24T11:45:19","slug":"sac-a-dos-spook-11","status":"publish","type":"product","link":"https:\/\/www.hapy-com.fr\/echoppe\/product\/sac-a-dos-spook-11\/","title":{"rendered":"Sac \u00e0 Dos Spook"},"content":{"rendered":"<p>Sac \u00e0 dos \u00e0 corde en polyester lisse 210T de couleurs gaies et large gamme de couleurs. Avec cordons noirs \u00e0 fermeture automatique, coins avec anneaux m\u00e9talliques et renfort en similicuir assorti.<\/p>\n","protected":false},"excerpt":{"rendered":"<p>Sac \u00e0 dos \u00e0 corde en polyester lisse 210T de couleurs gaies et large gamme de couleurs. Avec cordons noirs \u00e0 fermeture automatique, coins avec anneaux m\u00e9talliques et renfort en&#8230;<\/p>\n","protected":false},"featured_media":22287,"template":"","meta":[],"product_cat":[338],"product_tag":[],"class_list":{"0":"post-22288","1":"product","2":"type-product","3":"status-publish","4":"has-post-thumbnail","6":"product_cat-voyage-bagagerie","8":"first","9":"instock","10":"shipping-taxable","11":"purchasable","12":"product-type-simple"},"_links":{"self":[{"href":"https:\/\/www.hapy-com.fr\/echoppe\/wp-json\/wp\/v2\/product\/22288","targetHints":{"allow":["GET"]}}],"collection":[{"href":"https:\/\/www.hapy-com.fr\/echoppe\/wp-json\/wp\/v2\/product"}],"about":[{"href":"https:\/\/www.hapy-com.fr\/echoppe\/wp-json\/wp\/v2\/types\/product"}],"wp:featuredmedia":[{"embeddable":true,"href":"https:\/\/www.hapy-com.fr\/echoppe\/wp-json\/wp\/v2\/media\/22287"}],"wp:attachment":[{"href":"https:\/\/www.hapy-com.fr\/echoppe\/wp-json\/wp\/v2\/media?parent=22288"}],"wp:term":[{"taxonomy":"product_cat","embeddable":true,"href":"https:\/\/www.hapy-com.fr\/echoppe\/wp-json\/wp\/v2\/product_cat?post=22288"},{"taxonomy":"product_tag","embeddable":true,"href":"https:\/\/www.hapy-com.fr\/echoppe\/wp-json\/wp\/v2\/product_tag?post=22288"}],"curies":[{"name":"wp","href":"https:\/\/api.w.org\/{rel}","templated":true}]}}