{"id":22306,"date":"2022-06-24T13:45:35","date_gmt":"2022-06-24T11:45:35","guid":{"rendered":"http:\/\/www.hapy-com.fr\/echoppe\/product\/sac-a-dos-curtis\/"},"modified":"2022-06-24T13:45:35","modified_gmt":"2022-06-24T11:45:35","slug":"sac-a-dos-curtis","status":"publish","type":"product","link":"https:\/\/www.hapy-com.fr\/echoppe\/product\/sac-a-dos-curtis\/","title":{"rendered":"Sac \u00e0 Dos Curtis"},"content":{"rendered":"<p>Sac \u00e0 dos \u00e0 cordes \u00e9paisses en 100% coton toucher doux, coloris naturel. Avec corde assortie pour fermeture.<\/p>\n","protected":false},"excerpt":{"rendered":"<p>Sac \u00e0 dos \u00e0 cordes \u00e9paisses en 100% coton toucher doux, coloris naturel. Avec corde assortie pour fermeture.<\/p>\n","protected":false},"featured_media":22305,"template":"","meta":[],"product_cat":[338],"product_tag":[],"class_list":{"0":"post-22306","1":"product","2":"type-product","3":"status-publish","4":"has-post-thumbnail","6":"product_cat-voyage-bagagerie","8":"first","9":"instock","10":"shipping-taxable","11":"purchasable","12":"product-type-simple"},"_links":{"self":[{"href":"https:\/\/www.hapy-com.fr\/echoppe\/wp-json\/wp\/v2\/product\/22306","targetHints":{"allow":["GET"]}}],"collection":[{"href":"https:\/\/www.hapy-com.fr\/echoppe\/wp-json\/wp\/v2\/product"}],"about":[{"href":"https:\/\/www.hapy-com.fr\/echoppe\/wp-json\/wp\/v2\/types\/product"}],"wp:featuredmedia":[{"embeddable":true,"href":"https:\/\/www.hapy-com.fr\/echoppe\/wp-json\/wp\/v2\/media\/22305"}],"wp:attachment":[{"href":"https:\/\/www.hapy-com.fr\/echoppe\/wp-json\/wp\/v2\/media?parent=22306"}],"wp:term":[{"taxonomy":"product_cat","embeddable":true,"href":"https:\/\/www.hapy-com.fr\/echoppe\/wp-json\/wp\/v2\/product_cat?post=22306"},{"taxonomy":"product_tag","embeddable":true,"href":"https:\/\/www.hapy-com.fr\/echoppe\/wp-json\/wp\/v2\/product_tag?post=22306"}],"curies":[{"name":"wp","href":"https:\/\/api.w.org\/{rel}","templated":true}]}}