{"id":22316,"date":"2022-06-24T13:45:46","date_gmt":"2022-06-24T11:45:46","guid":{"rendered":"http:\/\/www.hapy-com.fr\/echoppe\/product\/sac-a-dos-assen-5\/"},"modified":"2022-07-05T23:46:28","modified_gmt":"2022-07-05T21:46:28","slug":"sac-a-dos-assen-5","status":"publish","type":"product","link":"https:\/\/www.hapy-com.fr\/echoppe\/product\/sac-a-dos-assen-5\/","title":{"rendered":"Sac \u00e0 Dos Assen"},"content":{"rendered":"<p>Sac \u00e0 dos en polyester 600D r\u00e9sistant au design d\u00e9contract\u00e9 propos\u00e9 dans une large gamme de couleurs, avec zip et liser\u00e9 blanc. Coins renforc\u00e9s et accessoires en noir. Bretelles r\u00e9glables matelass\u00e9es.<\/p>\n","protected":false},"excerpt":{"rendered":"<p>Sac \u00e0 dos en polyester 600D r\u00e9sistant au design d\u00e9contract\u00e9 propos\u00e9 dans une large gamme de couleurs, avec zip et liser\u00e9 blanc. Coins renforc\u00e9s et accessoires en noir. Bretelles r\u00e9glables&#8230;<\/p>\n","protected":false},"featured_media":22315,"template":"","meta":[],"product_cat":[466,338],"product_tag":[],"class_list":{"0":"post-22316","1":"product","2":"type-product","3":"status-publish","4":"has-post-thumbnail","6":"product_cat-sac-ete-et-plage","7":"product_cat-voyage-bagagerie","9":"first","10":"instock","11":"shipping-taxable","12":"purchasable","13":"product-type-simple"},"_links":{"self":[{"href":"https:\/\/www.hapy-com.fr\/echoppe\/wp-json\/wp\/v2\/product\/22316","targetHints":{"allow":["GET"]}}],"collection":[{"href":"https:\/\/www.hapy-com.fr\/echoppe\/wp-json\/wp\/v2\/product"}],"about":[{"href":"https:\/\/www.hapy-com.fr\/echoppe\/wp-json\/wp\/v2\/types\/product"}],"wp:featuredmedia":[{"embeddable":true,"href":"https:\/\/www.hapy-com.fr\/echoppe\/wp-json\/wp\/v2\/media\/22315"}],"wp:attachment":[{"href":"https:\/\/www.hapy-com.fr\/echoppe\/wp-json\/wp\/v2\/media?parent=22316"}],"wp:term":[{"taxonomy":"product_cat","embeddable":true,"href":"https:\/\/www.hapy-com.fr\/echoppe\/wp-json\/wp\/v2\/product_cat?post=22316"},{"taxonomy":"product_tag","embeddable":true,"href":"https:\/\/www.hapy-com.fr\/echoppe\/wp-json\/wp\/v2\/product_tag?post=22316"}],"curies":[{"name":"wp","href":"https:\/\/api.w.org\/{rel}","templated":true}]}}