{"id":22326,"date":"2022-06-24T13:45:56","date_gmt":"2022-06-24T11:45:56","guid":{"rendered":"http:\/\/www.hapy-com.fr\/echoppe\/product\/sac-a-dos-dual-5\/"},"modified":"2022-06-24T13:45:56","modified_gmt":"2022-06-24T11:45:56","slug":"sac-a-dos-dual-5","status":"publish","type":"product","link":"https:\/\/www.hapy-com.fr\/echoppe\/product\/sac-a-dos-dual-5\/","title":{"rendered":"Sac \u00e0 Dos Dual"},"content":{"rendered":"<p>Sac \u00e0 dos en polyester doux 190T avec un design bicolore gai propos\u00e9 dans une vari\u00e9t\u00e9 de couleurs. Avec c\u00f4t\u00e9s gris et cordons de serrage assortis. Coins renforc\u00e9s avec des \u0153illets m\u00e9tal<\/p>\n","protected":false},"excerpt":{"rendered":"<p>Sac \u00e0 dos en polyester doux 190T avec un design bicolore gai propos\u00e9 dans une vari\u00e9t\u00e9 de couleurs. Avec c\u00f4t\u00e9s gris et cordons de serrage assortis. Coins renforc\u00e9s avec des&#8230;<\/p>\n","protected":false},"featured_media":22325,"template":"","meta":[],"product_cat":[338],"product_tag":[],"class_list":{"0":"post-22326","1":"product","2":"type-product","3":"status-publish","4":"has-post-thumbnail","6":"product_cat-voyage-bagagerie","8":"first","9":"instock","10":"shipping-taxable","11":"purchasable","12":"product-type-simple"},"_links":{"self":[{"href":"https:\/\/www.hapy-com.fr\/echoppe\/wp-json\/wp\/v2\/product\/22326","targetHints":{"allow":["GET"]}}],"collection":[{"href":"https:\/\/www.hapy-com.fr\/echoppe\/wp-json\/wp\/v2\/product"}],"about":[{"href":"https:\/\/www.hapy-com.fr\/echoppe\/wp-json\/wp\/v2\/types\/product"}],"wp:featuredmedia":[{"embeddable":true,"href":"https:\/\/www.hapy-com.fr\/echoppe\/wp-json\/wp\/v2\/media\/22325"}],"wp:attachment":[{"href":"https:\/\/www.hapy-com.fr\/echoppe\/wp-json\/wp\/v2\/media?parent=22326"}],"wp:term":[{"taxonomy":"product_cat","embeddable":true,"href":"https:\/\/www.hapy-com.fr\/echoppe\/wp-json\/wp\/v2\/product_cat?post=22326"},{"taxonomy":"product_tag","embeddable":true,"href":"https:\/\/www.hapy-com.fr\/echoppe\/wp-json\/wp\/v2\/product_tag?post=22326"}],"curies":[{"name":"wp","href":"https:\/\/api.w.org\/{rel}","templated":true}]}}