{"id":22328,"date":"2022-06-24T13:45:57","date_gmt":"2022-06-24T11:45:57","guid":{"rendered":"http:\/\/www.hapy-com.fr\/echoppe\/product\/set-barbecue-north\/"},"modified":"2022-07-05T23:46:28","modified_gmt":"2022-07-05T21:46:28","slug":"set-barbecue-north","status":"publish","type":"product","link":"https:\/\/www.hapy-com.fr\/echoppe\/product\/set-barbecue-north\/","title":{"rendered":"Set Barbecue North"},"content":{"rendered":"<p>Set barbecue avec 7 accessoires. Comprend une spatule, fourchette et pinces en acier inox avec manche en bois. Avec manique matelass\u00e9e, sali\u00e8re et poivri\u00e8re. Pr\u00e9sent\u00e9 dans un \u00e9tui en polyester r\u00e9sistant 600D de couleur noire avec fermeture par bouton m\u00e9tallique. Sangle de transport r\u00e9glable et fermeture par clip nylon r\u00e9sistant.<\/p>\n","protected":false},"excerpt":{"rendered":"<p>Set barbecue avec 7 accessoires. Comprend une spatule, fourchette et pinces en acier inox avec manche en bois. Avec manique matelass\u00e9e, sali\u00e8re et poivri\u00e8re. Pr\u00e9sent\u00e9 dans un \u00e9tui en polyester&#8230;<\/p>\n","protected":false},"featured_media":22327,"template":"","meta":[],"product_cat":[466,338],"product_tag":[],"class_list":{"0":"post-22328","1":"product","2":"type-product","3":"status-publish","4":"has-post-thumbnail","6":"product_cat-sac-ete-et-plage","7":"product_cat-voyage-bagagerie","9":"first","10":"instock","11":"shipping-taxable","12":"purchasable","13":"product-type-simple"},"_links":{"self":[{"href":"https:\/\/www.hapy-com.fr\/echoppe\/wp-json\/wp\/v2\/product\/22328","targetHints":{"allow":["GET"]}}],"collection":[{"href":"https:\/\/www.hapy-com.fr\/echoppe\/wp-json\/wp\/v2\/product"}],"about":[{"href":"https:\/\/www.hapy-com.fr\/echoppe\/wp-json\/wp\/v2\/types\/product"}],"wp:featuredmedia":[{"embeddable":true,"href":"https:\/\/www.hapy-com.fr\/echoppe\/wp-json\/wp\/v2\/media\/22327"}],"wp:attachment":[{"href":"https:\/\/www.hapy-com.fr\/echoppe\/wp-json\/wp\/v2\/media?parent=22328"}],"wp:term":[{"taxonomy":"product_cat","embeddable":true,"href":"https:\/\/www.hapy-com.fr\/echoppe\/wp-json\/wp\/v2\/product_cat?post=22328"},{"taxonomy":"product_tag","embeddable":true,"href":"https:\/\/www.hapy-com.fr\/echoppe\/wp-json\/wp\/v2\/product_tag?post=22328"}],"curies":[{"name":"wp","href":"https:\/\/api.w.org\/{rel}","templated":true}]}}