{"id":22330,"date":"2022-06-24T13:45:59","date_gmt":"2022-06-24T11:45:59","guid":{"rendered":"http:\/\/www.hapy-com.fr\/echoppe\/product\/sac-a-dos-trolley-kuman\/"},"modified":"2022-07-05T23:46:27","modified_gmt":"2022-07-05T21:46:27","slug":"sac-a-dos-trolley-kuman","status":"publish","type":"product","link":"https:\/\/www.hapy-com.fr\/echoppe\/product\/sac-a-dos-trolley-kuman\/","title":{"rendered":"Sac \u00e0 Dos Trolley Kuman"},"content":{"rendered":"<p>Trolley \u00e0 2 roues en polyester 1680D de haute qualit\u00e9. Avec poign\u00e9e ext\u00e9rieure renforc\u00e9e assortie et avec des poches pratiques \u00e0 l\u2019avant. Zips assortis. Comprend \u00e9galement des bretelles matelass\u00e9es et dissimul\u00e9es dans le dos, pour une utilisation en sac \u00e0 dos. Roulettes de protection dans le m\u00eame mat\u00e9riau. Comprend un compartiment int\u00e9rieur rembourr\u00e9 pour ordinateur portable jusqu\u00b4\u00e0 15 pouces.<\/p>\n","protected":false},"excerpt":{"rendered":"<p>Trolley \u00e0 2 roues en polyester 1680D de haute qualit\u00e9. Avec poign\u00e9e ext\u00e9rieure renforc\u00e9e assortie et avec des poches pratiques \u00e0 l\u2019avant. Zips assortis. Comprend \u00e9galement des bretelles matelass\u00e9es et&#8230;<\/p>\n","protected":false},"featured_media":22329,"template":"","meta":[],"product_cat":[466,338],"product_tag":[],"class_list":{"0":"post-22330","1":"product","2":"type-product","3":"status-publish","4":"has-post-thumbnail","6":"product_cat-sac-ete-et-plage","7":"product_cat-voyage-bagagerie","9":"first","10":"instock","11":"shipping-taxable","12":"purchasable","13":"product-type-simple"},"_links":{"self":[{"href":"https:\/\/www.hapy-com.fr\/echoppe\/wp-json\/wp\/v2\/product\/22330","targetHints":{"allow":["GET"]}}],"collection":[{"href":"https:\/\/www.hapy-com.fr\/echoppe\/wp-json\/wp\/v2\/product"}],"about":[{"href":"https:\/\/www.hapy-com.fr\/echoppe\/wp-json\/wp\/v2\/types\/product"}],"wp:featuredmedia":[{"embeddable":true,"href":"https:\/\/www.hapy-com.fr\/echoppe\/wp-json\/wp\/v2\/media\/22329"}],"wp:attachment":[{"href":"https:\/\/www.hapy-com.fr\/echoppe\/wp-json\/wp\/v2\/media?parent=22330"}],"wp:term":[{"taxonomy":"product_cat","embeddable":true,"href":"https:\/\/www.hapy-com.fr\/echoppe\/wp-json\/wp\/v2\/product_cat?post=22330"},{"taxonomy":"product_tag","embeddable":true,"href":"https:\/\/www.hapy-com.fr\/echoppe\/wp-json\/wp\/v2\/product_tag?post=22330"}],"curies":[{"name":"wp","href":"https:\/\/api.w.org\/{rel}","templated":true}]}}