{"id":22339,"date":"2022-06-24T13:46:07","date_gmt":"2022-06-24T11:46:07","guid":{"rendered":"http:\/\/www.hapy-com.fr\/echoppe\/product\/chaise-glaciere-xana\/"},"modified":"2022-07-05T23:43:01","modified_gmt":"2022-07-05T21:43:01","slug":"chaise-glaciere-xana","status":"publish","type":"product","link":"https:\/\/www.hapy-com.fr\/echoppe\/product\/chaise-glaciere-xana\/","title":{"rendered":"Chaise Glaci\u00e8re Xana"},"content":{"rendered":"<p>Chaise pliable avec corps en aluminium et sac isotherme int\u00e9gr\u00e9 au si\u00e8ge, propos\u00e9 en diff\u00e9rentes couleurs. Si\u00e8ge et sac isotherme en polyester 600D avec coutures renforc\u00e9es. Avec fermeture zipp\u00e9e et poign\u00e9es de transport pratiques en nylon. Avec bande de renfort en nylon sur les pieds et int\u00e9rieur isotherme en finition aluminium.<\/p>\n","protected":false},"excerpt":{"rendered":"<p>Chaise pliable avec corps en aluminium et sac isotherme int\u00e9gr\u00e9 au si\u00e8ge, propos\u00e9 en diff\u00e9rentes couleurs. Si\u00e8ge et sac isotherme en polyester 600D avec coutures renforc\u00e9es. Avec fermeture zipp\u00e9e et&#8230;<\/p>\n","protected":false},"featured_media":22337,"template":"","meta":[],"product_cat":[484,464,338],"product_tag":[],"class_list":{"0":"post-22339","1":"product","2":"type-product","3":"status-publish","4":"has-post-thumbnail","6":"product_cat-chaises","7":"product_cat-mobilier-de-plage","8":"product_cat-voyage-bagagerie","10":"first","11":"instock","12":"shipping-taxable","13":"purchasable","14":"product-type-simple"},"_links":{"self":[{"href":"https:\/\/www.hapy-com.fr\/echoppe\/wp-json\/wp\/v2\/product\/22339","targetHints":{"allow":["GET"]}}],"collection":[{"href":"https:\/\/www.hapy-com.fr\/echoppe\/wp-json\/wp\/v2\/product"}],"about":[{"href":"https:\/\/www.hapy-com.fr\/echoppe\/wp-json\/wp\/v2\/types\/product"}],"wp:featuredmedia":[{"embeddable":true,"href":"https:\/\/www.hapy-com.fr\/echoppe\/wp-json\/wp\/v2\/media\/22337"}],"wp:attachment":[{"href":"https:\/\/www.hapy-com.fr\/echoppe\/wp-json\/wp\/v2\/media?parent=22339"}],"wp:term":[{"taxonomy":"product_cat","embeddable":true,"href":"https:\/\/www.hapy-com.fr\/echoppe\/wp-json\/wp\/v2\/product_cat?post=22339"},{"taxonomy":"product_tag","embeddable":true,"href":"https:\/\/www.hapy-com.fr\/echoppe\/wp-json\/wp\/v2\/product_tag?post=22339"}],"curies":[{"name":"wp","href":"https:\/\/api.w.org\/{rel}","templated":true}]}}