{"id":22347,"date":"2022-06-24T13:46:15","date_gmt":"2022-06-24T11:46:15","guid":{"rendered":"http:\/\/www.hapy-com.fr\/echoppe\/product\/sac-a-dos-empire-2\/"},"modified":"2022-06-24T13:46:15","modified_gmt":"2022-06-24T11:46:15","slug":"sac-a-dos-empire-2","status":"publish","type":"product","link":"https:\/\/www.hapy-com.fr\/echoppe\/product\/sac-a-dos-empire-2\/","title":{"rendered":"Sac \u00e0 Dos Empire"},"content":{"rendered":"<p>Sac \u00e0 dos en polyester r\u00e9sitant 600D, design sobre, gamme vari\u00e9e de couleurs. Avec passe-fil pour \u00e9couteurs, fermeture zipp\u00e9e \u00e0 double curseur, poche frontale et curseur avec ruban pour faciliter l\u00b4ouverture. Poches \u00e0 filet \u00e9lastique sur les c\u00f4t\u00e9s, avec coins renforc\u00e9s et accessoires en noir. Bretelles ergonomiques et r\u00e9glables avec rembourrage.<\/p>\n","protected":false},"excerpt":{"rendered":"<p>Sac \u00e0 dos en polyester r\u00e9sitant 600D, design sobre, gamme vari\u00e9e de couleurs. Avec passe-fil pour \u00e9couteurs, fermeture zipp\u00e9e \u00e0 double curseur, poche frontale et curseur avec ruban pour faciliter&#8230;<\/p>\n","protected":false},"featured_media":22346,"template":"","meta":[],"product_cat":[338],"product_tag":[],"class_list":{"0":"post-22347","1":"product","2":"type-product","3":"status-publish","4":"has-post-thumbnail","6":"product_cat-voyage-bagagerie","8":"first","9":"instock","10":"shipping-taxable","11":"purchasable","12":"product-type-simple"},"_links":{"self":[{"href":"https:\/\/www.hapy-com.fr\/echoppe\/wp-json\/wp\/v2\/product\/22347","targetHints":{"allow":["GET"]}}],"collection":[{"href":"https:\/\/www.hapy-com.fr\/echoppe\/wp-json\/wp\/v2\/product"}],"about":[{"href":"https:\/\/www.hapy-com.fr\/echoppe\/wp-json\/wp\/v2\/types\/product"}],"wp:featuredmedia":[{"embeddable":true,"href":"https:\/\/www.hapy-com.fr\/echoppe\/wp-json\/wp\/v2\/media\/22346"}],"wp:attachment":[{"href":"https:\/\/www.hapy-com.fr\/echoppe\/wp-json\/wp\/v2\/media?parent=22347"}],"wp:term":[{"taxonomy":"product_cat","embeddable":true,"href":"https:\/\/www.hapy-com.fr\/echoppe\/wp-json\/wp\/v2\/product_cat?post=22347"},{"taxonomy":"product_tag","embeddable":true,"href":"https:\/\/www.hapy-com.fr\/echoppe\/wp-json\/wp\/v2\/product_tag?post=22347"}],"curies":[{"name":"wp","href":"https:\/\/api.w.org\/{rel}","templated":true}]}}