{"id":22378,"date":"2022-06-24T13:46:46","date_gmt":"2022-06-24T11:46:46","guid":{"rendered":"http:\/\/www.hapy-com.fr\/echoppe\/product\/sac-a-dos-eris\/"},"modified":"2022-07-05T23:46:27","modified_gmt":"2022-07-05T21:46:27","slug":"sac-a-dos-eris","status":"publish","type":"product","link":"https:\/\/www.hapy-com.fr\/echoppe\/product\/sac-a-dos-eris\/","title":{"rendered":"Sac \u00e0 Dos Eris"},"content":{"rendered":"<p>Sac \u00e0 dos en nylon 900D r\u00e9sistant au design sobre. Fremeture zipp\u00e9e, poche frontale et poign\u00e9es renforc\u00e9es. Rembourrage au dos et bretelles. Compartiment int\u00e9rieur matelass\u00e9 pour ordinateur portable jusqu\u2019\u00e0 15 pouces.<\/p>\n","protected":false},"excerpt":{"rendered":"<p>Sac \u00e0 dos en nylon 900D r\u00e9sistant au design sobre. Fremeture zipp\u00e9e, poche frontale et poign\u00e9es renforc\u00e9es. Rembourrage au dos et bretelles. Compartiment int\u00e9rieur matelass\u00e9 pour ordinateur portable jusqu\u2019\u00e0 15&#8230;<\/p>\n","protected":false},"featured_media":22377,"template":"","meta":[],"product_cat":[466,338],"product_tag":[],"class_list":{"0":"post-22378","1":"product","2":"type-product","3":"status-publish","4":"has-post-thumbnail","6":"product_cat-sac-ete-et-plage","7":"product_cat-voyage-bagagerie","9":"first","10":"instock","11":"shipping-taxable","12":"purchasable","13":"product-type-simple"},"_links":{"self":[{"href":"https:\/\/www.hapy-com.fr\/echoppe\/wp-json\/wp\/v2\/product\/22378","targetHints":{"allow":["GET"]}}],"collection":[{"href":"https:\/\/www.hapy-com.fr\/echoppe\/wp-json\/wp\/v2\/product"}],"about":[{"href":"https:\/\/www.hapy-com.fr\/echoppe\/wp-json\/wp\/v2\/types\/product"}],"wp:featuredmedia":[{"embeddable":true,"href":"https:\/\/www.hapy-com.fr\/echoppe\/wp-json\/wp\/v2\/media\/22377"}],"wp:attachment":[{"href":"https:\/\/www.hapy-com.fr\/echoppe\/wp-json\/wp\/v2\/media?parent=22378"}],"wp:term":[{"taxonomy":"product_cat","embeddable":true,"href":"https:\/\/www.hapy-com.fr\/echoppe\/wp-json\/wp\/v2\/product_cat?post=22378"},{"taxonomy":"product_tag","embeddable":true,"href":"https:\/\/www.hapy-com.fr\/echoppe\/wp-json\/wp\/v2\/product_tag?post=22378"}],"curies":[{"name":"wp","href":"https:\/\/api.w.org\/{rel}","templated":true}]}}