{"id":22384,"date":"2022-06-24T13:46:53","date_gmt":"2022-06-24T11:46:53","guid":{"rendered":"http:\/\/www.hapy-com.fr\/echoppe\/product\/sac-pliable-kenit-2\/"},"modified":"2022-06-24T13:46:53","modified_gmt":"2022-06-24T11:46:53","slug":"sac-pliable-kenit-2","status":"publish","type":"product","link":"https:\/\/www.hapy-com.fr\/echoppe\/product\/sac-pliable-kenit-2\/","title":{"rendered":"Sac Pliable Kenit"},"content":{"rendered":"<p>Sac pliable multi-usages en polyester 210T doux, forme bicolore r\u00e9tro. Poche principale avec fermeture zipp\u00e9e assortie et poign\u00e9es noires en nylon r\u00e9sistant  autour du corps. Pliable en petite taille.<\/p>\n","protected":false},"excerpt":{"rendered":"<p>Sac pliable multi-usages en polyester 210T doux, forme bicolore r\u00e9tro. Poche principale avec fermeture zipp\u00e9e assortie et poign\u00e9es noires en nylon r\u00e9sistant autour du corps. Pliable en petite taille.<\/p>\n","protected":false},"featured_media":22382,"template":"","meta":[],"product_cat":[338],"product_tag":[],"class_list":{"0":"post-22384","1":"product","2":"type-product","3":"status-publish","4":"has-post-thumbnail","6":"product_cat-voyage-bagagerie","8":"first","9":"instock","10":"shipping-taxable","11":"purchasable","12":"product-type-simple"},"_links":{"self":[{"href":"https:\/\/www.hapy-com.fr\/echoppe\/wp-json\/wp\/v2\/product\/22384","targetHints":{"allow":["GET"]}}],"collection":[{"href":"https:\/\/www.hapy-com.fr\/echoppe\/wp-json\/wp\/v2\/product"}],"about":[{"href":"https:\/\/www.hapy-com.fr\/echoppe\/wp-json\/wp\/v2\/types\/product"}],"wp:featuredmedia":[{"embeddable":true,"href":"https:\/\/www.hapy-com.fr\/echoppe\/wp-json\/wp\/v2\/media\/22382"}],"wp:attachment":[{"href":"https:\/\/www.hapy-com.fr\/echoppe\/wp-json\/wp\/v2\/media?parent=22384"}],"wp:term":[{"taxonomy":"product_cat","embeddable":true,"href":"https:\/\/www.hapy-com.fr\/echoppe\/wp-json\/wp\/v2\/product_cat?post=22384"},{"taxonomy":"product_tag","embeddable":true,"href":"https:\/\/www.hapy-com.fr\/echoppe\/wp-json\/wp\/v2\/product_tag?post=22384"}],"curies":[{"name":"wp","href":"https:\/\/api.w.org\/{rel}","templated":true}]}}