{"id":22398,"date":"2022-06-24T13:47:04","date_gmt":"2022-06-24T11:47:04","guid":{"rendered":"http:\/\/www.hapy-com.fr\/echoppe\/product\/sac-a-dos-hera-6\/"},"modified":"2022-06-24T13:47:04","modified_gmt":"2022-06-24T11:47:04","slug":"sac-a-dos-hera-6","status":"publish","type":"product","link":"https:\/\/www.hapy-com.fr\/echoppe\/product\/sac-a-dos-hera-6\/","title":{"rendered":"Sac \u00e0 Dos Hera"},"content":{"rendered":"<p>Sac \u00e0 dos \u00e0 cordelettes en intiss\u00e9 propos\u00e9 dans une grand choix de coloris gais. Avec cordelettes noires pour fermeture et coins renforc\u00e9s avec \u0153illets m\u00e9talliques<\/p>\n","protected":false},"excerpt":{"rendered":"<p>Sac \u00e0 dos \u00e0 cordelettes en intiss\u00e9 propos\u00e9 dans une grand choix de coloris gais. Avec cordelettes noires pour fermeture et coins renforc\u00e9s avec \u0153illets m\u00e9talliques<\/p>\n","protected":false},"featured_media":22397,"template":"","meta":[],"product_cat":[338],"product_tag":[],"class_list":{"0":"post-22398","1":"product","2":"type-product","3":"status-publish","4":"has-post-thumbnail","6":"product_cat-voyage-bagagerie","8":"first","9":"instock","10":"shipping-taxable","11":"purchasable","12":"product-type-simple"},"_links":{"self":[{"href":"https:\/\/www.hapy-com.fr\/echoppe\/wp-json\/wp\/v2\/product\/22398","targetHints":{"allow":["GET"]}}],"collection":[{"href":"https:\/\/www.hapy-com.fr\/echoppe\/wp-json\/wp\/v2\/product"}],"about":[{"href":"https:\/\/www.hapy-com.fr\/echoppe\/wp-json\/wp\/v2\/types\/product"}],"wp:featuredmedia":[{"embeddable":true,"href":"https:\/\/www.hapy-com.fr\/echoppe\/wp-json\/wp\/v2\/media\/22397"}],"wp:attachment":[{"href":"https:\/\/www.hapy-com.fr\/echoppe\/wp-json\/wp\/v2\/media?parent=22398"}],"wp:term":[{"taxonomy":"product_cat","embeddable":true,"href":"https:\/\/www.hapy-com.fr\/echoppe\/wp-json\/wp\/v2\/product_cat?post=22398"},{"taxonomy":"product_tag","embeddable":true,"href":"https:\/\/www.hapy-com.fr\/echoppe\/wp-json\/wp\/v2\/product_tag?post=22398"}],"curies":[{"name":"wp","href":"https:\/\/api.w.org\/{rel}","templated":true}]}}