{"id":22412,"date":"2022-06-24T13:47:18","date_gmt":"2022-06-24T11:47:18","guid":{"rendered":"http:\/\/www.hapy-com.fr\/echoppe\/product\/sac-a-dos-humus-5\/"},"modified":"2022-06-24T13:47:18","modified_gmt":"2022-06-24T11:47:18","slug":"sac-a-dos-humus-5","status":"publish","type":"product","link":"https:\/\/www.hapy-com.fr\/echoppe\/product\/sac-a-dos-humus-5\/","title":{"rendered":"Sac \u00e0 Dos Humus"},"content":{"rendered":"<p>Sac \u00e0 dos en polyester r\u00e9sitant 600D, design d\u00e9contract\u00e9, avec fermeture zipp\u00e9e, passe-fil pour \u00e9couteurs, poche frontale et poches en filet \u00e9lastiques sur les c\u00f4t\u00e9s. Accessoires en noir, avec bretelles rembourr\u00e9es r\u00e9glables<\/p>\n","protected":false},"excerpt":{"rendered":"<p>Sac \u00e0 dos en polyester r\u00e9sitant 600D, design d\u00e9contract\u00e9, avec fermeture zipp\u00e9e, passe-fil pour \u00e9couteurs, poche frontale et poches en filet \u00e9lastiques sur les c\u00f4t\u00e9s. Accessoires en noir, avec bretelles&#8230;<\/p>\n","protected":false},"featured_media":22404,"template":"","meta":[],"product_cat":[338],"product_tag":[],"class_list":{"0":"post-22412","1":"product","2":"type-product","3":"status-publish","4":"has-post-thumbnail","6":"product_cat-voyage-bagagerie","8":"first","9":"instock","10":"shipping-taxable","11":"purchasable","12":"product-type-simple"},"_links":{"self":[{"href":"https:\/\/www.hapy-com.fr\/echoppe\/wp-json\/wp\/v2\/product\/22412","targetHints":{"allow":["GET"]}}],"collection":[{"href":"https:\/\/www.hapy-com.fr\/echoppe\/wp-json\/wp\/v2\/product"}],"about":[{"href":"https:\/\/www.hapy-com.fr\/echoppe\/wp-json\/wp\/v2\/types\/product"}],"wp:featuredmedia":[{"embeddable":true,"href":"https:\/\/www.hapy-com.fr\/echoppe\/wp-json\/wp\/v2\/media\/22404"}],"wp:attachment":[{"href":"https:\/\/www.hapy-com.fr\/echoppe\/wp-json\/wp\/v2\/media?parent=22412"}],"wp:term":[{"taxonomy":"product_cat","embeddable":true,"href":"https:\/\/www.hapy-com.fr\/echoppe\/wp-json\/wp\/v2\/product_cat?post=22412"},{"taxonomy":"product_tag","embeddable":true,"href":"https:\/\/www.hapy-com.fr\/echoppe\/wp-json\/wp\/v2\/product_tag?post=22412"}],"curies":[{"name":"wp","href":"https:\/\/api.w.org\/{rel}","templated":true}]}}