{"id":22434,"date":"2022-06-24T13:47:38","date_gmt":"2022-06-24T11:47:38","guid":{"rendered":"http:\/\/www.hapy-com.fr\/echoppe\/product\/sac-a-dos-nofler-4\/"},"modified":"2022-06-24T13:47:38","modified_gmt":"2022-06-24T11:47:38","slug":"sac-a-dos-nofler-4","status":"publish","type":"product","link":"https:\/\/www.hapy-com.fr\/echoppe\/product\/sac-a-dos-nofler-4\/","title":{"rendered":"Sac \u00e0 Dos Nofler"},"content":{"rendered":"<p>Sac \u00e0 dos \u00e0 cordelettes en polyester souple 210T de couleur blanche avec coins en coloris gais. Avec cordelettes blanches pour fermeture et coins renforc\u00e9s avec similicuir et \u0153illets m\u00e9talliques.Id\u00e9al pour le marquage en sublimation.<\/p>\n","protected":false},"excerpt":{"rendered":"<p>Sac \u00e0 dos \u00e0 cordelettes en polyester souple 210T de couleur blanche avec coins en coloris gais. Avec cordelettes blanches pour fermeture et coins renforc\u00e9s avec similicuir et \u0153illets m\u00e9talliques.Id\u00e9al&#8230;<\/p>\n","protected":false},"featured_media":22428,"template":"","meta":[],"product_cat":[338],"product_tag":[],"class_list":{"0":"post-22434","1":"product","2":"type-product","3":"status-publish","4":"has-post-thumbnail","6":"product_cat-voyage-bagagerie","8":"first","9":"instock","10":"shipping-taxable","11":"purchasable","12":"product-type-simple"},"_links":{"self":[{"href":"https:\/\/www.hapy-com.fr\/echoppe\/wp-json\/wp\/v2\/product\/22434","targetHints":{"allow":["GET"]}}],"collection":[{"href":"https:\/\/www.hapy-com.fr\/echoppe\/wp-json\/wp\/v2\/product"}],"about":[{"href":"https:\/\/www.hapy-com.fr\/echoppe\/wp-json\/wp\/v2\/types\/product"}],"wp:featuredmedia":[{"embeddable":true,"href":"https:\/\/www.hapy-com.fr\/echoppe\/wp-json\/wp\/v2\/media\/22428"}],"wp:attachment":[{"href":"https:\/\/www.hapy-com.fr\/echoppe\/wp-json\/wp\/v2\/media?parent=22434"}],"wp:term":[{"taxonomy":"product_cat","embeddable":true,"href":"https:\/\/www.hapy-com.fr\/echoppe\/wp-json\/wp\/v2\/product_cat?post=22434"},{"taxonomy":"product_tag","embeddable":true,"href":"https:\/\/www.hapy-com.fr\/echoppe\/wp-json\/wp\/v2\/product_tag?post=22434"}],"curies":[{"name":"wp","href":"https:\/\/api.w.org\/{rel}","templated":true}]}}