{"id":22446,"date":"2022-06-24T13:47:48","date_gmt":"2022-06-24T11:47:48","guid":{"rendered":"http:\/\/www.hapy-com.fr\/echoppe\/product\/sac-a-dos-sport-hydrax-4\/"},"modified":"2022-06-24T13:47:48","modified_gmt":"2022-06-24T11:47:48","slug":"sac-a-dos-sport-hydrax-4","status":"publish","type":"product","link":"https:\/\/www.hapy-com.fr\/echoppe\/product\/sac-a-dos-sport-hydrax-4\/","title":{"rendered":"Sac \u00e0 Dos Sport Hydrax"},"content":{"rendered":"<p>Sac \u00e0 dos de sport en polyester 600D r\u00e9sistant avec r\u00e9servoir amovible de 2 litres inclus. Couleurs vives. Rembourrage ergonomique au dos et bretelles respirantes avec support pour le distributeur d\u00b4eau. \u00c9lastiques r\u00e9fl\u00e9chissants et poches ext\u00e9rieures zipp\u00e9es avec tire-zip pour une ouverture facile.<\/p>\n","protected":false},"excerpt":{"rendered":"<p>Sac \u00e0 dos de sport en polyester 600D r\u00e9sistant avec r\u00e9servoir amovible de 2 litres inclus. Couleurs vives. Rembourrage ergonomique au dos et bretelles respirantes avec support pour le distributeur&#8230;<\/p>\n","protected":false},"featured_media":22445,"template":"","meta":[],"product_cat":[338],"product_tag":[],"class_list":{"0":"post-22446","1":"product","2":"type-product","3":"status-publish","4":"has-post-thumbnail","6":"product_cat-voyage-bagagerie","8":"first","9":"instock","10":"shipping-taxable","11":"purchasable","12":"product-type-simple"},"_links":{"self":[{"href":"https:\/\/www.hapy-com.fr\/echoppe\/wp-json\/wp\/v2\/product\/22446","targetHints":{"allow":["GET"]}}],"collection":[{"href":"https:\/\/www.hapy-com.fr\/echoppe\/wp-json\/wp\/v2\/product"}],"about":[{"href":"https:\/\/www.hapy-com.fr\/echoppe\/wp-json\/wp\/v2\/types\/product"}],"wp:featuredmedia":[{"embeddable":true,"href":"https:\/\/www.hapy-com.fr\/echoppe\/wp-json\/wp\/v2\/media\/22445"}],"wp:attachment":[{"href":"https:\/\/www.hapy-com.fr\/echoppe\/wp-json\/wp\/v2\/media?parent=22446"}],"wp:term":[{"taxonomy":"product_cat","embeddable":true,"href":"https:\/\/www.hapy-com.fr\/echoppe\/wp-json\/wp\/v2\/product_cat?post=22446"},{"taxonomy":"product_tag","embeddable":true,"href":"https:\/\/www.hapy-com.fr\/echoppe\/wp-json\/wp\/v2\/product_tag?post=22446"}],"curies":[{"name":"wp","href":"https:\/\/api.w.org\/{rel}","templated":true}]}}