{"id":22547,"date":"2022-06-24T13:49:11","date_gmt":"2022-06-24T11:49:11","guid":{"rendered":"http:\/\/www.hapy-com.fr\/echoppe\/product\/sac-a-dos-arcano-4\/"},"modified":"2022-06-24T13:49:11","modified_gmt":"2022-06-24T11:49:11","slug":"sac-a-dos-arcano-4","status":"publish","type":"product","link":"https:\/\/www.hapy-com.fr\/echoppe\/product\/sac-a-dos-arcano-4\/","title":{"rendered":"Sac \u00e0 Dos Arcano"},"content":{"rendered":"<p>Sac \u00e0 dos r\u00e9sistant en nylon 600D de conception sobre avec fermeture \u00e9clair, poches avant et double poign\u00e9e renforc\u00e9e. Avec rembourrage dorsal ergonomique et bretelles, comprend un compartiment int\u00e9rieur rembourr\u00e9 pour ordinateurs portables jusqu\u00b4\u00e0 15 pouces.<\/p>\n","protected":false},"excerpt":{"rendered":"<p>Sac \u00e0 dos r\u00e9sistant en nylon 600D de conception sobre avec fermeture \u00e9clair, poches avant et double poign\u00e9e renforc\u00e9e. Avec rembourrage dorsal ergonomique et bretelles, comprend un compartiment int\u00e9rieur rembourr\u00e9&#8230;<\/p>\n","protected":false},"featured_media":22546,"template":"","meta":[],"product_cat":[338],"product_tag":[],"class_list":{"0":"post-22547","1":"product","2":"type-product","3":"status-publish","4":"has-post-thumbnail","6":"product_cat-voyage-bagagerie","8":"first","9":"instock","10":"shipping-taxable","11":"purchasable","12":"product-type-simple"},"_links":{"self":[{"href":"https:\/\/www.hapy-com.fr\/echoppe\/wp-json\/wp\/v2\/product\/22547","targetHints":{"allow":["GET"]}}],"collection":[{"href":"https:\/\/www.hapy-com.fr\/echoppe\/wp-json\/wp\/v2\/product"}],"about":[{"href":"https:\/\/www.hapy-com.fr\/echoppe\/wp-json\/wp\/v2\/types\/product"}],"wp:featuredmedia":[{"embeddable":true,"href":"https:\/\/www.hapy-com.fr\/echoppe\/wp-json\/wp\/v2\/media\/22546"}],"wp:attachment":[{"href":"https:\/\/www.hapy-com.fr\/echoppe\/wp-json\/wp\/v2\/media?parent=22547"}],"wp:term":[{"taxonomy":"product_cat","embeddable":true,"href":"https:\/\/www.hapy-com.fr\/echoppe\/wp-json\/wp\/v2\/product_cat?post=22547"},{"taxonomy":"product_tag","embeddable":true,"href":"https:\/\/www.hapy-com.fr\/echoppe\/wp-json\/wp\/v2\/product_tag?post=22547"}],"curies":[{"name":"wp","href":"https:\/\/api.w.org\/{rel}","templated":true}]}}