{"id":22561,"date":"2022-06-24T13:49:22","date_gmt":"2022-06-24T11:49:22","guid":{"rendered":"http:\/\/www.hapy-com.fr\/echoppe\/product\/sac-a-dos-sibert-5\/"},"modified":"2022-06-24T13:49:22","modified_gmt":"2022-06-24T11:49:22","slug":"sac-a-dos-sibert-5","status":"publish","type":"product","link":"https:\/\/www.hapy-com.fr\/echoppe\/product\/sac-a-dos-sibert-5\/","title":{"rendered":"Sac \u00e0 Dos Sibert"},"content":{"rendered":"<p>Sac \u00e0 dos avec cordons extra \u00e9pais en polyester doux 210T avec des couleurs gaies et dans une large gamme de couleurs. Avec cordes de fermeture assorties.<\/p>\n","protected":false},"excerpt":{"rendered":"<p>Sac \u00e0 dos avec cordons extra \u00e9pais en polyester doux 210T avec des couleurs gaies et dans une large gamme de couleurs. Avec cordes de fermeture assorties.<\/p>\n","protected":false},"featured_media":22560,"template":"","meta":[],"product_cat":[338],"product_tag":[],"class_list":{"0":"post-22561","1":"product","2":"type-product","3":"status-publish","4":"has-post-thumbnail","6":"product_cat-voyage-bagagerie","8":"first","9":"instock","10":"shipping-taxable","11":"purchasable","12":"product-type-simple"},"_links":{"self":[{"href":"https:\/\/www.hapy-com.fr\/echoppe\/wp-json\/wp\/v2\/product\/22561","targetHints":{"allow":["GET"]}}],"collection":[{"href":"https:\/\/www.hapy-com.fr\/echoppe\/wp-json\/wp\/v2\/product"}],"about":[{"href":"https:\/\/www.hapy-com.fr\/echoppe\/wp-json\/wp\/v2\/types\/product"}],"wp:featuredmedia":[{"embeddable":true,"href":"https:\/\/www.hapy-com.fr\/echoppe\/wp-json\/wp\/v2\/media\/22560"}],"wp:attachment":[{"href":"https:\/\/www.hapy-com.fr\/echoppe\/wp-json\/wp\/v2\/media?parent=22561"}],"wp:term":[{"taxonomy":"product_cat","embeddable":true,"href":"https:\/\/www.hapy-com.fr\/echoppe\/wp-json\/wp\/v2\/product_cat?post=22561"},{"taxonomy":"product_tag","embeddable":true,"href":"https:\/\/www.hapy-com.fr\/echoppe\/wp-json\/wp\/v2\/product_tag?post=22561"}],"curies":[{"name":"wp","href":"https:\/\/api.w.org\/{rel}","templated":true}]}}