{"id":22563,"date":"2022-06-24T13:49:24","date_gmt":"2022-06-24T11:49:24","guid":{"rendered":"http:\/\/www.hapy-com.fr\/echoppe\/product\/sac-a-dos-sibert-6\/"},"modified":"2022-06-24T13:49:24","modified_gmt":"2022-06-24T11:49:24","slug":"sac-a-dos-sibert-6","status":"publish","type":"product","link":"https:\/\/www.hapy-com.fr\/echoppe\/product\/sac-a-dos-sibert-6\/","title":{"rendered":"Sac \u00e0 Dos Sibert"},"content":{"rendered":"<p>Sac \u00e0 dos avec cordons extra \u00e9pais en polyester doux 210T avec des couleurs gaies et dans une large gamme de couleurs. Avec cordes de fermeture assorties.<\/p>\n","protected":false},"excerpt":{"rendered":"<p>Sac \u00e0 dos avec cordons extra \u00e9pais en polyester doux 210T avec des couleurs gaies et dans une large gamme de couleurs. Avec cordes de fermeture assorties.<\/p>\n","protected":false},"featured_media":22562,"template":"","meta":[],"product_cat":[338],"product_tag":[],"class_list":{"0":"post-22563","1":"product","2":"type-product","3":"status-publish","4":"has-post-thumbnail","6":"product_cat-voyage-bagagerie","8":"first","9":"instock","10":"shipping-taxable","11":"purchasable","12":"product-type-simple"},"_links":{"self":[{"href":"https:\/\/www.hapy-com.fr\/echoppe\/wp-json\/wp\/v2\/product\/22563","targetHints":{"allow":["GET"]}}],"collection":[{"href":"https:\/\/www.hapy-com.fr\/echoppe\/wp-json\/wp\/v2\/product"}],"about":[{"href":"https:\/\/www.hapy-com.fr\/echoppe\/wp-json\/wp\/v2\/types\/product"}],"wp:featuredmedia":[{"embeddable":true,"href":"https:\/\/www.hapy-com.fr\/echoppe\/wp-json\/wp\/v2\/media\/22562"}],"wp:attachment":[{"href":"https:\/\/www.hapy-com.fr\/echoppe\/wp-json\/wp\/v2\/media?parent=22563"}],"wp:term":[{"taxonomy":"product_cat","embeddable":true,"href":"https:\/\/www.hapy-com.fr\/echoppe\/wp-json\/wp\/v2\/product_cat?post=22563"},{"taxonomy":"product_tag","embeddable":true,"href":"https:\/\/www.hapy-com.fr\/echoppe\/wp-json\/wp\/v2\/product_tag?post=22563"}],"curies":[{"name":"wp","href":"https:\/\/api.w.org\/{rel}","templated":true}]}}