{"id":22578,"date":"2022-06-24T13:49:36","date_gmt":"2022-06-24T11:49:36","guid":{"rendered":"http:\/\/www.hapy-com.fr\/echoppe\/product\/bandouliere-zukar\/"},"modified":"2022-06-24T13:49:36","modified_gmt":"2022-06-24T11:49:36","slug":"bandouliere-zukar","status":"publish","type":"product","link":"https:\/\/www.hapy-com.fr\/echoppe\/product\/bandouliere-zukar\/","title":{"rendered":"Bandouli\u00e8re Zukar"},"content":{"rendered":"<p>Sacoche \u00e0 bandouli\u00e8re originale en polyester 420D souple. Design urbain, avec poche zipp\u00e9e sur le rabat, fermeture velcro. Finition bicolore dans des coloris actuels. bandouli\u00e8re r\u00e9glable et tire-zips avec encoche pouvant recevoir un Doming.<\/p>\n","protected":false},"excerpt":{"rendered":"<p>Sacoche \u00e0 bandouli\u00e8re originale en polyester 420D souple. Design urbain, avec poche zipp\u00e9e sur le rabat, fermeture velcro. Finition bicolore dans des coloris actuels. bandouli\u00e8re r\u00e9glable et tire-zips avec encoche&#8230;<\/p>\n","protected":false},"featured_media":22576,"template":"","meta":[],"product_cat":[338],"product_tag":[],"class_list":{"0":"post-22578","1":"product","2":"type-product","3":"status-publish","4":"has-post-thumbnail","6":"product_cat-voyage-bagagerie","8":"first","9":"instock","10":"shipping-taxable","11":"purchasable","12":"product-type-simple"},"_links":{"self":[{"href":"https:\/\/www.hapy-com.fr\/echoppe\/wp-json\/wp\/v2\/product\/22578","targetHints":{"allow":["GET"]}}],"collection":[{"href":"https:\/\/www.hapy-com.fr\/echoppe\/wp-json\/wp\/v2\/product"}],"about":[{"href":"https:\/\/www.hapy-com.fr\/echoppe\/wp-json\/wp\/v2\/types\/product"}],"wp:featuredmedia":[{"embeddable":true,"href":"https:\/\/www.hapy-com.fr\/echoppe\/wp-json\/wp\/v2\/media\/22576"}],"wp:attachment":[{"href":"https:\/\/www.hapy-com.fr\/echoppe\/wp-json\/wp\/v2\/media?parent=22578"}],"wp:term":[{"taxonomy":"product_cat","embeddable":true,"href":"https:\/\/www.hapy-com.fr\/echoppe\/wp-json\/wp\/v2\/product_cat?post=22578"},{"taxonomy":"product_tag","embeddable":true,"href":"https:\/\/www.hapy-com.fr\/echoppe\/wp-json\/wp\/v2\/product_tag?post=22578"}],"curies":[{"name":"wp","href":"https:\/\/api.w.org\/{rel}","templated":true}]}}