{"id":22582,"date":"2022-06-24T13:49:39","date_gmt":"2022-06-24T11:49:39","guid":{"rendered":"http:\/\/www.hapy-com.fr\/echoppe\/product\/bandouliere-zukar-3\/"},"modified":"2022-06-24T13:49:39","modified_gmt":"2022-06-24T11:49:39","slug":"bandouliere-zukar-3","status":"publish","type":"product","link":"https:\/\/www.hapy-com.fr\/echoppe\/product\/bandouliere-zukar-3\/","title":{"rendered":"Bandouli\u00e8re Zukar"},"content":{"rendered":"<p>Sacoche \u00e0 bandouli\u00e8re originale en polyester 420D souple. Design urbain, avec poche zipp\u00e9e sur le rabat, fermeture velcro. Finition bicolore dans des coloris actuels. bandouli\u00e8re r\u00e9glable et tire-zips avec encoche pouvant recevoir un Doming.<\/p>\n","protected":false},"excerpt":{"rendered":"<p>Sacoche \u00e0 bandouli\u00e8re originale en polyester 420D souple. Design urbain, avec poche zipp\u00e9e sur le rabat, fermeture velcro. Finition bicolore dans des coloris actuels. bandouli\u00e8re r\u00e9glable et tire-zips avec encoche&#8230;<\/p>\n","protected":false},"featured_media":22581,"template":"","meta":[],"product_cat":[338],"product_tag":[],"class_list":{"0":"post-22582","1":"product","2":"type-product","3":"status-publish","4":"has-post-thumbnail","6":"product_cat-voyage-bagagerie","8":"first","9":"instock","10":"shipping-taxable","11":"purchasable","12":"product-type-simple"},"_links":{"self":[{"href":"https:\/\/www.hapy-com.fr\/echoppe\/wp-json\/wp\/v2\/product\/22582","targetHints":{"allow":["GET"]}}],"collection":[{"href":"https:\/\/www.hapy-com.fr\/echoppe\/wp-json\/wp\/v2\/product"}],"about":[{"href":"https:\/\/www.hapy-com.fr\/echoppe\/wp-json\/wp\/v2\/types\/product"}],"wp:featuredmedia":[{"embeddable":true,"href":"https:\/\/www.hapy-com.fr\/echoppe\/wp-json\/wp\/v2\/media\/22581"}],"wp:attachment":[{"href":"https:\/\/www.hapy-com.fr\/echoppe\/wp-json\/wp\/v2\/media?parent=22582"}],"wp:term":[{"taxonomy":"product_cat","embeddable":true,"href":"https:\/\/www.hapy-com.fr\/echoppe\/wp-json\/wp\/v2\/product_cat?post=22582"},{"taxonomy":"product_tag","embeddable":true,"href":"https:\/\/www.hapy-com.fr\/echoppe\/wp-json\/wp\/v2\/product_tag?post=22582"}],"curies":[{"name":"wp","href":"https:\/\/api.w.org\/{rel}","templated":true}]}}