{"id":22606,"date":"2022-06-24T13:50:00","date_gmt":"2022-06-24T11:50:00","guid":{"rendered":"http:\/\/www.hapy-com.fr\/echoppe\/product\/sac-a-dos-yondix-3\/"},"modified":"2022-06-24T13:50:00","modified_gmt":"2022-06-24T11:50:00","slug":"sac-a-dos-yondix-3","status":"publish","type":"product","link":"https:\/\/www.hapy-com.fr\/echoppe\/product\/sac-a-dos-yondix-3\/","title":{"rendered":"Sac \u00e0 Dos Yondix"},"content":{"rendered":"<p>Sac \u00e0 dos robuste en polyester 600D au design d\u00e9contract\u00e9 propos\u00e9 dans une large gamme de couleurs, avec passepoil blanc renforc\u00e9. Fermeture zipp\u00e9e avec double curseur, poche \u00e0 l\u00b4avant et poches en filet \u00e9lastique sur les c\u00f4t\u00e9s. Coins renforc\u00e9s et accessoires noirs. Dos et bretelles r\u00e9glables rembourr\u00e9s.<\/p>\n","protected":false},"excerpt":{"rendered":"<p>Sac \u00e0 dos robuste en polyester 600D au design d\u00e9contract\u00e9 propos\u00e9 dans une large gamme de couleurs, avec passepoil blanc renforc\u00e9. Fermeture zipp\u00e9e avec double curseur, poche \u00e0 l\u00b4avant et&#8230;<\/p>\n","protected":false},"featured_media":22605,"template":"","meta":[],"product_cat":[338],"product_tag":[],"class_list":{"0":"post-22606","1":"product","2":"type-product","3":"status-publish","4":"has-post-thumbnail","6":"product_cat-voyage-bagagerie","8":"first","9":"instock","10":"shipping-taxable","11":"purchasable","12":"product-type-simple"},"_links":{"self":[{"href":"https:\/\/www.hapy-com.fr\/echoppe\/wp-json\/wp\/v2\/product\/22606","targetHints":{"allow":["GET"]}}],"collection":[{"href":"https:\/\/www.hapy-com.fr\/echoppe\/wp-json\/wp\/v2\/product"}],"about":[{"href":"https:\/\/www.hapy-com.fr\/echoppe\/wp-json\/wp\/v2\/types\/product"}],"wp:featuredmedia":[{"embeddable":true,"href":"https:\/\/www.hapy-com.fr\/echoppe\/wp-json\/wp\/v2\/media\/22605"}],"wp:attachment":[{"href":"https:\/\/www.hapy-com.fr\/echoppe\/wp-json\/wp\/v2\/media?parent=22606"}],"wp:term":[{"taxonomy":"product_cat","embeddable":true,"href":"https:\/\/www.hapy-com.fr\/echoppe\/wp-json\/wp\/v2\/product_cat?post=22606"},{"taxonomy":"product_tag","embeddable":true,"href":"https:\/\/www.hapy-com.fr\/echoppe\/wp-json\/wp\/v2\/product_tag?post=22606"}],"curies":[{"name":"wp","href":"https:\/\/api.w.org\/{rel}","templated":true}]}}