{"id":22653,"date":"2022-06-24T13:50:36","date_gmt":"2022-06-24T11:50:36","guid":{"rendered":"http:\/\/www.hapy-com.fr\/echoppe\/product\/sac-a-dos-pliable-kissa-4\/"},"modified":"2022-06-24T13:50:36","modified_gmt":"2022-06-24T11:50:36","slug":"sac-a-dos-pliable-kissa-4","status":"publish","type":"product","link":"https:\/\/www.hapy-com.fr\/echoppe\/product\/sac-a-dos-pliable-kissa-4\/","title":{"rendered":"Sac \u00e0 Dos Pliable Kissa"},"content":{"rendered":"<p>Sac \u00e0 dos \u00e0 cordelettes pliable pour enfant. Polyester 190T . Forme amusante d\u00b4animal, propos\u00e9 dans une gamme de couleurs vari\u00e9es.  Avec anse de transport, cordelettes auto-serrantes et renforts lat\u00e9raux assortis. Pliage en forme de petit animal, avec cordelette assortie et accessoire de r\u00e9glage.<\/p>\n","protected":false},"excerpt":{"rendered":"<p>Sac \u00e0 dos \u00e0 cordelettes pliable pour enfant. Polyester 190T . Forme amusante d\u00b4animal, propos\u00e9 dans une gamme de couleurs vari\u00e9es. Avec anse de transport, cordelettes auto-serrantes et renforts lat\u00e9raux&#8230;<\/p>\n","protected":false},"featured_media":22644,"template":"","meta":[],"product_cat":[338],"product_tag":[],"class_list":{"0":"post-22653","1":"product","2":"type-product","3":"status-publish","4":"has-post-thumbnail","6":"product_cat-voyage-bagagerie","8":"first","9":"instock","10":"shipping-taxable","11":"purchasable","12":"product-type-simple"},"_links":{"self":[{"href":"https:\/\/www.hapy-com.fr\/echoppe\/wp-json\/wp\/v2\/product\/22653","targetHints":{"allow":["GET"]}}],"collection":[{"href":"https:\/\/www.hapy-com.fr\/echoppe\/wp-json\/wp\/v2\/product"}],"about":[{"href":"https:\/\/www.hapy-com.fr\/echoppe\/wp-json\/wp\/v2\/types\/product"}],"wp:featuredmedia":[{"embeddable":true,"href":"https:\/\/www.hapy-com.fr\/echoppe\/wp-json\/wp\/v2\/media\/22644"}],"wp:attachment":[{"href":"https:\/\/www.hapy-com.fr\/echoppe\/wp-json\/wp\/v2\/media?parent=22653"}],"wp:term":[{"taxonomy":"product_cat","embeddable":true,"href":"https:\/\/www.hapy-com.fr\/echoppe\/wp-json\/wp\/v2\/product_cat?post=22653"},{"taxonomy":"product_tag","embeddable":true,"href":"https:\/\/www.hapy-com.fr\/echoppe\/wp-json\/wp\/v2\/product_tag?post=22653"}],"curies":[{"name":"wp","href":"https:\/\/api.w.org\/{rel}","templated":true}]}}