{"id":22663,"date":"2022-06-24T13:50:44","date_gmt":"2022-06-24T11:50:44","guid":{"rendered":"http:\/\/www.hapy-com.fr\/echoppe\/product\/sac-a-dos-pliable-ledor-5\/"},"modified":"2022-06-24T13:50:44","modified_gmt":"2022-06-24T11:50:44","slug":"sac-a-dos-pliable-ledor-5","status":"publish","type":"product","link":"https:\/\/www.hapy-com.fr\/echoppe\/product\/sac-a-dos-pliable-ledor-5\/","title":{"rendered":"Sac \u00e0 Dos Pliable Ledor"},"content":{"rendered":"<p>Sac \u00e0 dos pliable en tissu ripstop doux et r\u00e9sistant disponible en coloris gais, avec fermeture zipp\u00e9e et accessoires gris. Bretelles r\u00e9glables avec tissu  r\u00e9fl\u00e9chissant. Se plie en petite taille. Avec sangle et mousqueton de transport.<\/p>\n","protected":false},"excerpt":{"rendered":"<p>Sac \u00e0 dos pliable en tissu ripstop doux et r\u00e9sistant disponible en coloris gais, avec fermeture zipp\u00e9e et accessoires gris. Bretelles r\u00e9glables avec tissu r\u00e9fl\u00e9chissant. Se plie en petite taille&#8230;.<\/p>\n","protected":false},"featured_media":22655,"template":"","meta":[],"product_cat":[338],"product_tag":[],"class_list":{"0":"post-22663","1":"product","2":"type-product","3":"status-publish","4":"has-post-thumbnail","6":"product_cat-voyage-bagagerie","8":"first","9":"instock","10":"shipping-taxable","11":"purchasable","12":"product-type-simple"},"_links":{"self":[{"href":"https:\/\/www.hapy-com.fr\/echoppe\/wp-json\/wp\/v2\/product\/22663","targetHints":{"allow":["GET"]}}],"collection":[{"href":"https:\/\/www.hapy-com.fr\/echoppe\/wp-json\/wp\/v2\/product"}],"about":[{"href":"https:\/\/www.hapy-com.fr\/echoppe\/wp-json\/wp\/v2\/types\/product"}],"wp:featuredmedia":[{"embeddable":true,"href":"https:\/\/www.hapy-com.fr\/echoppe\/wp-json\/wp\/v2\/media\/22655"}],"wp:attachment":[{"href":"https:\/\/www.hapy-com.fr\/echoppe\/wp-json\/wp\/v2\/media?parent=22663"}],"wp:term":[{"taxonomy":"product_cat","embeddable":true,"href":"https:\/\/www.hapy-com.fr\/echoppe\/wp-json\/wp\/v2\/product_cat?post=22663"},{"taxonomy":"product_tag","embeddable":true,"href":"https:\/\/www.hapy-com.fr\/echoppe\/wp-json\/wp\/v2\/product_tag?post=22663"}],"curies":[{"name":"wp","href":"https:\/\/api.w.org\/{rel}","templated":true}]}}