{"id":22667,"date":"2022-06-24T13:50:47","date_gmt":"2022-06-24T11:50:47","guid":{"rendered":"http:\/\/www.hapy-com.fr\/echoppe\/product\/bandouliere-maytol\/"},"modified":"2022-06-24T13:50:47","modified_gmt":"2022-06-24T11:50:47","slug":"bandouliere-maytol","status":"publish","type":"product","link":"https:\/\/www.hapy-com.fr\/echoppe\/product\/bandouliere-maytol\/","title":{"rendered":"Bandouli\u00e8re Maytol"},"content":{"rendered":"<p>Sacoche \u00e0 bandouli\u00e8re avec rabat de fermeture par velcro dans un \u00e9l\u00e9gant polyester 600D. M\u00e9lange de couleurs noire et blanche sp\u00e9cialement con\u00e7u pour le marquage en sublimation. Poche arri\u00e8re ext\u00e9rieure zipp\u00e9e, poche int\u00e9rieure en filet et bandouli\u00e8re avec accessoire de r\u00e9glage.<\/p>\n","protected":false},"excerpt":{"rendered":"<p>Sacoche \u00e0 bandouli\u00e8re avec rabat de fermeture par velcro dans un \u00e9l\u00e9gant polyester 600D. M\u00e9lange de couleurs noire et blanche sp\u00e9cialement con\u00e7u pour le marquage en sublimation. Poche arri\u00e8re ext\u00e9rieure&#8230;<\/p>\n","protected":false},"featured_media":22666,"template":"","meta":[],"product_cat":[338],"product_tag":[],"class_list":{"0":"post-22667","1":"product","2":"type-product","3":"status-publish","4":"has-post-thumbnail","6":"product_cat-voyage-bagagerie","8":"first","9":"instock","10":"shipping-taxable","11":"purchasable","12":"product-type-simple"},"_links":{"self":[{"href":"https:\/\/www.hapy-com.fr\/echoppe\/wp-json\/wp\/v2\/product\/22667","targetHints":{"allow":["GET"]}}],"collection":[{"href":"https:\/\/www.hapy-com.fr\/echoppe\/wp-json\/wp\/v2\/product"}],"about":[{"href":"https:\/\/www.hapy-com.fr\/echoppe\/wp-json\/wp\/v2\/types\/product"}],"wp:featuredmedia":[{"embeddable":true,"href":"https:\/\/www.hapy-com.fr\/echoppe\/wp-json\/wp\/v2\/media\/22666"}],"wp:attachment":[{"href":"https:\/\/www.hapy-com.fr\/echoppe\/wp-json\/wp\/v2\/media?parent=22667"}],"wp:term":[{"taxonomy":"product_cat","embeddable":true,"href":"https:\/\/www.hapy-com.fr\/echoppe\/wp-json\/wp\/v2\/product_cat?post=22667"},{"taxonomy":"product_tag","embeddable":true,"href":"https:\/\/www.hapy-com.fr\/echoppe\/wp-json\/wp\/v2\/product_tag?post=22667"}],"curies":[{"name":"wp","href":"https:\/\/api.w.org\/{rel}","templated":true}]}}