{"id":22671,"date":"2022-06-24T13:50:51","date_gmt":"2022-06-24T11:50:51","guid":{"rendered":"http:\/\/www.hapy-com.fr\/echoppe\/product\/sac-a-dos-toynix-2\/"},"modified":"2022-07-05T23:46:25","modified_gmt":"2022-07-05T21:46:25","slug":"sac-a-dos-toynix-2","status":"publish","type":"product","link":"https:\/\/www.hapy-com.fr\/echoppe\/product\/sac-a-dos-toynix-2\/","title":{"rendered":"Sac \u00e0 Dos Toynix"},"content":{"rendered":"<p>Sac \u00e0 dos robuste en polyester 600D au design d\u00e9contract\u00e9 disponible dans une large gamme de couleurs. Rabat avec clip de fermeture, double zip et poche frontale. Poches en filet \u00e9lastique sur les c\u00f4t\u00e9s, avec coins renforc\u00e9s et accessoires noirs. Bretelles matelass\u00e9es r\u00e9glables.<\/p>\n","protected":false},"excerpt":{"rendered":"<p>Sac \u00e0 dos robuste en polyester 600D au design d\u00e9contract\u00e9 disponible dans une large gamme de couleurs. Rabat avec clip de fermeture, double zip et poche frontale. Poches en filet&#8230;<\/p>\n","protected":false},"featured_media":22670,"template":"","meta":[],"product_cat":[466,338],"product_tag":[],"class_list":{"0":"post-22671","1":"product","2":"type-product","3":"status-publish","4":"has-post-thumbnail","6":"product_cat-sac-ete-et-plage","7":"product_cat-voyage-bagagerie","9":"first","10":"instock","11":"shipping-taxable","12":"purchasable","13":"product-type-simple"},"_links":{"self":[{"href":"https:\/\/www.hapy-com.fr\/echoppe\/wp-json\/wp\/v2\/product\/22671","targetHints":{"allow":["GET"]}}],"collection":[{"href":"https:\/\/www.hapy-com.fr\/echoppe\/wp-json\/wp\/v2\/product"}],"about":[{"href":"https:\/\/www.hapy-com.fr\/echoppe\/wp-json\/wp\/v2\/types\/product"}],"wp:featuredmedia":[{"embeddable":true,"href":"https:\/\/www.hapy-com.fr\/echoppe\/wp-json\/wp\/v2\/media\/22670"}],"wp:attachment":[{"href":"https:\/\/www.hapy-com.fr\/echoppe\/wp-json\/wp\/v2\/media?parent=22671"}],"wp:term":[{"taxonomy":"product_cat","embeddable":true,"href":"https:\/\/www.hapy-com.fr\/echoppe\/wp-json\/wp\/v2\/product_cat?post=22671"},{"taxonomy":"product_tag","embeddable":true,"href":"https:\/\/www.hapy-com.fr\/echoppe\/wp-json\/wp\/v2\/product_tag?post=22671"}],"curies":[{"name":"wp","href":"https:\/\/api.w.org\/{rel}","templated":true}]}}