{"id":22675,"date":"2022-06-24T13:50:54","date_gmt":"2022-06-24T11:50:54","guid":{"rendered":"http:\/\/www.hapy-com.fr\/echoppe\/product\/sac-a-dos-harter\/"},"modified":"2022-07-05T23:46:25","modified_gmt":"2022-07-05T21:46:25","slug":"sac-a-dos-harter","status":"publish","type":"product","link":"https:\/\/www.hapy-com.fr\/echoppe\/product\/sac-a-dos-harter\/","title":{"rendered":"Sac \u00e0 Dos Harter"},"content":{"rendered":"<p>Elegant sac \u00e0 dos gris en polyester 600D avec bretelles et dos matelass\u00e9s. Poche ext\u00e9rieure zipp\u00e9e, passe-fil pour \u00e9couteurs et poche lat\u00e9rale pratique en filet \u00e9lastique.<\/p>\n","protected":false},"excerpt":{"rendered":"<p>Elegant sac \u00e0 dos gris en polyester 600D avec bretelles et dos matelass\u00e9s. Poche ext\u00e9rieure zipp\u00e9e, passe-fil pour \u00e9couteurs et poche lat\u00e9rale pratique en filet \u00e9lastique.<\/p>\n","protected":false},"featured_media":22674,"template":"","meta":[],"product_cat":[466,338],"product_tag":[],"class_list":{"0":"post-22675","1":"product","2":"type-product","3":"status-publish","4":"has-post-thumbnail","6":"product_cat-sac-ete-et-plage","7":"product_cat-voyage-bagagerie","9":"first","10":"instock","11":"shipping-taxable","12":"purchasable","13":"product-type-simple"},"_links":{"self":[{"href":"https:\/\/www.hapy-com.fr\/echoppe\/wp-json\/wp\/v2\/product\/22675","targetHints":{"allow":["GET"]}}],"collection":[{"href":"https:\/\/www.hapy-com.fr\/echoppe\/wp-json\/wp\/v2\/product"}],"about":[{"href":"https:\/\/www.hapy-com.fr\/echoppe\/wp-json\/wp\/v2\/types\/product"}],"wp:featuredmedia":[{"embeddable":true,"href":"https:\/\/www.hapy-com.fr\/echoppe\/wp-json\/wp\/v2\/media\/22674"}],"wp:attachment":[{"href":"https:\/\/www.hapy-com.fr\/echoppe\/wp-json\/wp\/v2\/media?parent=22675"}],"wp:term":[{"taxonomy":"product_cat","embeddable":true,"href":"https:\/\/www.hapy-com.fr\/echoppe\/wp-json\/wp\/v2\/product_cat?post=22675"},{"taxonomy":"product_tag","embeddable":true,"href":"https:\/\/www.hapy-com.fr\/echoppe\/wp-json\/wp\/v2\/product_tag?post=22675"}],"curies":[{"name":"wp","href":"https:\/\/api.w.org\/{rel}","templated":true}]}}