{"id":22701,"date":"2022-06-24T13:51:17","date_gmt":"2022-06-24T11:51:17","guid":{"rendered":"http:\/\/www.hapy-com.fr\/echoppe\/product\/sac-a-dos-donovan-3\/"},"modified":"2022-06-24T13:51:17","modified_gmt":"2022-06-24T11:51:17","slug":"sac-a-dos-donovan-3","status":"publish","type":"product","link":"https:\/\/www.hapy-com.fr\/echoppe\/product\/sac-a-dos-donovan-3\/","title":{"rendered":"Sac \u00e0 Dos Donovan"},"content":{"rendered":"<p>Sac \u00e0 dos robuste en polyester 600D avec fermeture \u00e0 glissi\u00e8re et poches avant. Dans des couleurs sobres, avec des bretelles dos et rembourr\u00e9es, un compartiment int\u00e9rieur rembourr\u00e9 pour ordinateur portable jusqu\u00b4\u00e0 15 pouces et des rubans sur les poign\u00e9es pour une ouverture facile.<\/p>\n","protected":false},"excerpt":{"rendered":"<p>Sac \u00e0 dos robuste en polyester 600D avec fermeture \u00e0 glissi\u00e8re et poches avant. Dans des couleurs sobres, avec des bretelles dos et rembourr\u00e9es, un compartiment int\u00e9rieur rembourr\u00e9 pour ordinateur&#8230;<\/p>\n","protected":false},"featured_media":22697,"template":"","meta":[],"product_cat":[338],"product_tag":[],"class_list":{"0":"post-22701","1":"product","2":"type-product","3":"status-publish","4":"has-post-thumbnail","6":"product_cat-voyage-bagagerie","8":"first","9":"instock","10":"shipping-taxable","11":"purchasable","12":"product-type-simple"},"_links":{"self":[{"href":"https:\/\/www.hapy-com.fr\/echoppe\/wp-json\/wp\/v2\/product\/22701","targetHints":{"allow":["GET"]}}],"collection":[{"href":"https:\/\/www.hapy-com.fr\/echoppe\/wp-json\/wp\/v2\/product"}],"about":[{"href":"https:\/\/www.hapy-com.fr\/echoppe\/wp-json\/wp\/v2\/types\/product"}],"wp:featuredmedia":[{"embeddable":true,"href":"https:\/\/www.hapy-com.fr\/echoppe\/wp-json\/wp\/v2\/media\/22697"}],"wp:attachment":[{"href":"https:\/\/www.hapy-com.fr\/echoppe\/wp-json\/wp\/v2\/media?parent=22701"}],"wp:term":[{"taxonomy":"product_cat","embeddable":true,"href":"https:\/\/www.hapy-com.fr\/echoppe\/wp-json\/wp\/v2\/product_cat?post=22701"},{"taxonomy":"product_tag","embeddable":true,"href":"https:\/\/www.hapy-com.fr\/echoppe\/wp-json\/wp\/v2\/product_tag?post=22701"}],"curies":[{"name":"wp","href":"https:\/\/api.w.org\/{rel}","templated":true}]}}