{"id":22729,"date":"2022-06-24T13:51:43","date_gmt":"2022-06-24T11:51:43","guid":{"rendered":"http:\/\/www.hapy-com.fr\/echoppe\/product\/sac-a-dos-decath-8\/"},"modified":"2022-06-24T13:51:43","modified_gmt":"2022-06-24T11:51:43","slug":"sac-a-dos-decath-8","status":"publish","type":"product","link":"https:\/\/www.hapy-com.fr\/echoppe\/product\/sac-a-dos-decath-8\/","title":{"rendered":"Sac \u00e0 Dos Decath"},"content":{"rendered":"<p>Sac \u00e0 dos en polyester 600D r\u00e9sistant, design outdoor, fermeture zipp\u00e9e et poche frontale. Accessoires gris avec rembourrage dorsal et bretelles.<\/p>\n","protected":false},"excerpt":{"rendered":"<p>Sac \u00e0 dos en polyester 600D r\u00e9sistant, design outdoor, fermeture zipp\u00e9e et poche frontale. Accessoires gris avec rembourrage dorsal et bretelles.<\/p>\n","protected":false},"featured_media":22728,"template":"","meta":[],"product_cat":[338],"product_tag":[],"class_list":{"0":"post-22729","1":"product","2":"type-product","3":"status-publish","4":"has-post-thumbnail","6":"product_cat-voyage-bagagerie","8":"first","9":"instock","10":"shipping-taxable","11":"purchasable","12":"product-type-simple"},"_links":{"self":[{"href":"https:\/\/www.hapy-com.fr\/echoppe\/wp-json\/wp\/v2\/product\/22729","targetHints":{"allow":["GET"]}}],"collection":[{"href":"https:\/\/www.hapy-com.fr\/echoppe\/wp-json\/wp\/v2\/product"}],"about":[{"href":"https:\/\/www.hapy-com.fr\/echoppe\/wp-json\/wp\/v2\/types\/product"}],"wp:featuredmedia":[{"embeddable":true,"href":"https:\/\/www.hapy-com.fr\/echoppe\/wp-json\/wp\/v2\/media\/22728"}],"wp:attachment":[{"href":"https:\/\/www.hapy-com.fr\/echoppe\/wp-json\/wp\/v2\/media?parent=22729"}],"wp:term":[{"taxonomy":"product_cat","embeddable":true,"href":"https:\/\/www.hapy-com.fr\/echoppe\/wp-json\/wp\/v2\/product_cat?post=22729"},{"taxonomy":"product_tag","embeddable":true,"href":"https:\/\/www.hapy-com.fr\/echoppe\/wp-json\/wp\/v2\/product_tag?post=22729"}],"curies":[{"name":"wp","href":"https:\/\/api.w.org\/{rel}","templated":true}]}}