{"id":22746,"date":"2022-06-24T13:51:59","date_gmt":"2022-06-24T11:51:59","guid":{"rendered":"http:\/\/www.hapy-com.fr\/echoppe\/product\/sac-a-dos-doplar-2\/"},"modified":"2022-07-05T23:46:25","modified_gmt":"2022-07-05T21:46:25","slug":"sac-a-dos-doplar-2","status":"publish","type":"product","link":"https:\/\/www.hapy-com.fr\/echoppe\/product\/sac-a-dos-doplar-2\/","title":{"rendered":"Sac \u00e0 Dos Doplar"},"content":{"rendered":"<p>Sac \u00e0 dos robuste en polyester 600D avec fermeture zipp\u00e9e, poches frontales et poign\u00e9es renforc\u00e9es originales. Disponible en coloris vari\u00e9s, avec dos et sangles rembourr\u00e9s, compartiment int\u00e9rieur matelass\u00e9 pour ordinateurs portables jusqu\u00b4\u00e0 15 pouces . Tirettes noires robustes. *Pour les commandes avec impression, le co\u00fbt du marquage doit \u00eatre major\u00e9 de + 0,20 \/ unit\u00e9 pour traitement sp\u00e9cial.*<\/p>\n","protected":false},"excerpt":{"rendered":"<p>Sac \u00e0 dos robuste en polyester 600D avec fermeture zipp\u00e9e, poches frontales et poign\u00e9es renforc\u00e9es originales. Disponible en coloris vari\u00e9s, avec dos et sangles rembourr\u00e9s, compartiment int\u00e9rieur matelass\u00e9 pour ordinateurs&#8230;<\/p>\n","protected":false},"featured_media":22745,"template":"","meta":[],"product_cat":[466,338],"product_tag":[],"class_list":{"0":"post-22746","1":"product","2":"type-product","3":"status-publish","4":"has-post-thumbnail","6":"product_cat-sac-ete-et-plage","7":"product_cat-voyage-bagagerie","9":"first","10":"instock","11":"shipping-taxable","12":"purchasable","13":"product-type-simple"},"_links":{"self":[{"href":"https:\/\/www.hapy-com.fr\/echoppe\/wp-json\/wp\/v2\/product\/22746","targetHints":{"allow":["GET"]}}],"collection":[{"href":"https:\/\/www.hapy-com.fr\/echoppe\/wp-json\/wp\/v2\/product"}],"about":[{"href":"https:\/\/www.hapy-com.fr\/echoppe\/wp-json\/wp\/v2\/types\/product"}],"wp:featuredmedia":[{"embeddable":true,"href":"https:\/\/www.hapy-com.fr\/echoppe\/wp-json\/wp\/v2\/media\/22745"}],"wp:attachment":[{"href":"https:\/\/www.hapy-com.fr\/echoppe\/wp-json\/wp\/v2\/media?parent=22746"}],"wp:term":[{"taxonomy":"product_cat","embeddable":true,"href":"https:\/\/www.hapy-com.fr\/echoppe\/wp-json\/wp\/v2\/product_cat?post=22746"},{"taxonomy":"product_tag","embeddable":true,"href":"https:\/\/www.hapy-com.fr\/echoppe\/wp-json\/wp\/v2\/product_tag?post=22746"}],"curies":[{"name":"wp","href":"https:\/\/api.w.org\/{rel}","templated":true}]}}