{"id":22760,"date":"2022-06-24T13:52:12","date_gmt":"2022-06-24T11:52:12","guid":{"rendered":"http:\/\/www.hapy-com.fr\/echoppe\/product\/sac-a-dos-verbel-4\/"},"modified":"2022-07-05T23:46:24","modified_gmt":"2022-07-05T21:46:24","slug":"sac-a-dos-verbel-4","status":"publish","type":"product","link":"https:\/\/www.hapy-com.fr\/echoppe\/product\/sac-a-dos-verbel-4\/","title":{"rendered":"Sac \u00e0 Dos Verbel"},"content":{"rendered":"<p>Sac \u00e0 dos en denim 600D, design urbain, avec rembourrage int\u00e9gral corps et bretelles. Poche ext\u00e9rieure zipp\u00e9e, poign\u00e9es de transport et bretelles renforc\u00e9es assorties, compartiment int\u00e9rieur matelass\u00e9 pour ordinateurs portables jusqu\u00b4\u00e0 15 pouces.<\/p>\n","protected":false},"excerpt":{"rendered":"<p>Sac \u00e0 dos en denim 600D, design urbain, avec rembourrage int\u00e9gral corps et bretelles. Poche ext\u00e9rieure zipp\u00e9e, poign\u00e9es de transport et bretelles renforc\u00e9es assorties, compartiment int\u00e9rieur matelass\u00e9 pour ordinateurs portables&#8230;<\/p>\n","protected":false},"featured_media":22759,"template":"","meta":[],"product_cat":[466,338],"product_tag":[],"class_list":{"0":"post-22760","1":"product","2":"type-product","3":"status-publish","4":"has-post-thumbnail","6":"product_cat-sac-ete-et-plage","7":"product_cat-voyage-bagagerie","9":"first","10":"instock","11":"shipping-taxable","12":"purchasable","13":"product-type-simple"},"_links":{"self":[{"href":"https:\/\/www.hapy-com.fr\/echoppe\/wp-json\/wp\/v2\/product\/22760","targetHints":{"allow":["GET"]}}],"collection":[{"href":"https:\/\/www.hapy-com.fr\/echoppe\/wp-json\/wp\/v2\/product"}],"about":[{"href":"https:\/\/www.hapy-com.fr\/echoppe\/wp-json\/wp\/v2\/types\/product"}],"wp:featuredmedia":[{"embeddable":true,"href":"https:\/\/www.hapy-com.fr\/echoppe\/wp-json\/wp\/v2\/media\/22759"}],"wp:attachment":[{"href":"https:\/\/www.hapy-com.fr\/echoppe\/wp-json\/wp\/v2\/media?parent=22760"}],"wp:term":[{"taxonomy":"product_cat","embeddable":true,"href":"https:\/\/www.hapy-com.fr\/echoppe\/wp-json\/wp\/v2\/product_cat?post=22760"},{"taxonomy":"product_tag","embeddable":true,"href":"https:\/\/www.hapy-com.fr\/echoppe\/wp-json\/wp\/v2\/product_tag?post=22760"}],"curies":[{"name":"wp","href":"https:\/\/api.w.org\/{rel}","templated":true}]}}