{"id":22764,"date":"2022-06-24T13:52:16","date_gmt":"2022-06-24T11:52:16","guid":{"rendered":"http:\/\/www.hapy-com.fr\/echoppe\/product\/bandouliere-scarlett-2\/"},"modified":"2022-07-05T23:46:23","modified_gmt":"2022-07-05T21:46:23","slug":"bandouliere-scarlett-2","status":"publish","type":"product","link":"https:\/\/www.hapy-com.fr\/echoppe\/product\/bandouliere-scarlett-2\/","title":{"rendered":"Bandouli\u00e8re Scarlett"},"content":{"rendered":"<p>Sacoche \u00e0 bandouli\u00e8re originale en polyester souple 600D, design urbain, avec fermeture du rabat avec velcro et passepoil assorti. Avec bandouli\u00e8re ajustable et renfort d\u00b4\u00e9paule matelass\u00e9 assortis.<\/p>\n","protected":false},"excerpt":{"rendered":"<p>Sacoche \u00e0 bandouli\u00e8re originale en polyester souple 600D, design urbain, avec fermeture du rabat avec velcro et passepoil assorti. Avec bandouli\u00e8re ajustable et renfort d\u00b4\u00e9paule matelass\u00e9 assortis.<\/p>\n","protected":false},"featured_media":22763,"template":"","meta":[],"product_cat":[466,338],"product_tag":[],"class_list":{"0":"post-22764","1":"product","2":"type-product","3":"status-publish","4":"has-post-thumbnail","6":"product_cat-sac-ete-et-plage","7":"product_cat-voyage-bagagerie","9":"first","10":"instock","11":"shipping-taxable","12":"purchasable","13":"product-type-simple"},"_links":{"self":[{"href":"https:\/\/www.hapy-com.fr\/echoppe\/wp-json\/wp\/v2\/product\/22764","targetHints":{"allow":["GET"]}}],"collection":[{"href":"https:\/\/www.hapy-com.fr\/echoppe\/wp-json\/wp\/v2\/product"}],"about":[{"href":"https:\/\/www.hapy-com.fr\/echoppe\/wp-json\/wp\/v2\/types\/product"}],"wp:featuredmedia":[{"embeddable":true,"href":"https:\/\/www.hapy-com.fr\/echoppe\/wp-json\/wp\/v2\/media\/22763"}],"wp:attachment":[{"href":"https:\/\/www.hapy-com.fr\/echoppe\/wp-json\/wp\/v2\/media?parent=22764"}],"wp:term":[{"taxonomy":"product_cat","embeddable":true,"href":"https:\/\/www.hapy-com.fr\/echoppe\/wp-json\/wp\/v2\/product_cat?post=22764"},{"taxonomy":"product_tag","embeddable":true,"href":"https:\/\/www.hapy-com.fr\/echoppe\/wp-json\/wp\/v2\/product_tag?post=22764"}],"curies":[{"name":"wp","href":"https:\/\/api.w.org\/{rel}","templated":true}]}}