{"id":22794,"date":"2022-06-24T13:52:46","date_gmt":"2022-06-24T11:52:46","guid":{"rendered":"http:\/\/www.hapy-com.fr\/echoppe\/product\/sac-a-dos-vesnap-7\/"},"modified":"2022-06-24T13:52:46","modified_gmt":"2022-06-24T11:52:46","slug":"sac-a-dos-vesnap-7","status":"publish","type":"product","link":"https:\/\/www.hapy-com.fr\/echoppe\/product\/sac-a-dos-vesnap-7\/","title":{"rendered":"Sac \u00e0 Dos Vesnap"},"content":{"rendered":"<p>Sac \u00e0 dos \u00e0 cordelettes en intiss\u00e9 propos\u00e9 dans un grand choix de coloris gais. Avec poche frontale zipp\u00e9e et passe-fil \u00e9couteurs. Cordelettes de serrage noires et coins renforc\u00e9s.<\/p>\n","protected":false},"excerpt":{"rendered":"<p>Sac \u00e0 dos \u00e0 cordelettes en intiss\u00e9 propos\u00e9 dans un grand choix de coloris gais. Avec poche frontale zipp\u00e9e et passe-fil \u00e9couteurs. Cordelettes de serrage noires et coins renforc\u00e9s.<\/p>\n","protected":false},"featured_media":22793,"template":"","meta":[],"product_cat":[338],"product_tag":[],"class_list":{"0":"post-22794","1":"product","2":"type-product","3":"status-publish","4":"has-post-thumbnail","6":"product_cat-voyage-bagagerie","8":"first","9":"instock","10":"shipping-taxable","11":"purchasable","12":"product-type-simple"},"_links":{"self":[{"href":"https:\/\/www.hapy-com.fr\/echoppe\/wp-json\/wp\/v2\/product\/22794","targetHints":{"allow":["GET"]}}],"collection":[{"href":"https:\/\/www.hapy-com.fr\/echoppe\/wp-json\/wp\/v2\/product"}],"about":[{"href":"https:\/\/www.hapy-com.fr\/echoppe\/wp-json\/wp\/v2\/types\/product"}],"wp:featuredmedia":[{"embeddable":true,"href":"https:\/\/www.hapy-com.fr\/echoppe\/wp-json\/wp\/v2\/media\/22793"}],"wp:attachment":[{"href":"https:\/\/www.hapy-com.fr\/echoppe\/wp-json\/wp\/v2\/media?parent=22794"}],"wp:term":[{"taxonomy":"product_cat","embeddable":true,"href":"https:\/\/www.hapy-com.fr\/echoppe\/wp-json\/wp\/v2\/product_cat?post=22794"},{"taxonomy":"product_tag","embeddable":true,"href":"https:\/\/www.hapy-com.fr\/echoppe\/wp-json\/wp\/v2\/product_tag?post=22794"}],"curies":[{"name":"wp","href":"https:\/\/api.w.org\/{rel}","templated":true}]}}