{"id":22798,"date":"2022-06-24T13:52:50","date_gmt":"2022-06-24T11:52:50","guid":{"rendered":"http:\/\/www.hapy-com.fr\/echoppe\/product\/sac-a-dos-merlak\/"},"modified":"2022-07-05T23:46:23","modified_gmt":"2022-07-05T21:46:23","slug":"sac-a-dos-merlak","status":"publish","type":"product","link":"https:\/\/www.hapy-com.fr\/echoppe\/product\/sac-a-dos-merlak\/","title":{"rendered":"Sac \u00e0 Dos Merlak"},"content":{"rendered":"<p>Sac \u00e0 dos imperm\u00e9able en polyester 1680D et similicuir de haute qualit\u00e9. El\u00e9gant et r\u00e9sistant, il offre un compartiment int\u00e9rieur avec sortie USB pour connexion powerbank -non inclus- et est \u00e9quip\u00e9 d\u00b4un c\u00e2ble micro USB d\u00b4un m\u00e8tre de long pour une recharge ais\u00e9e de n\u00b4importe quel appareil mobile. Avec compartiment int\u00e9rieur matelass\u00e9 pour ordinateurs portables jusqu\u00b4\u00e0 15 pouces et pour tablettes jusqu\u00b4\u00e0 10 pouces. Equip\u00e9 d\u00b4une multitude de poches int\u00e9rieures et ext\u00e9rieures. Bretelles rembourr\u00e9es.<\/p>\n","protected":false},"excerpt":{"rendered":"<p>Sac \u00e0 dos imperm\u00e9able en polyester 1680D et similicuir de haute qualit\u00e9. El\u00e9gant et r\u00e9sistant, il offre un compartiment int\u00e9rieur avec sortie USB pour connexion powerbank -non inclus- et est&#8230;<\/p>\n","protected":false},"featured_media":22797,"template":"","meta":[],"product_cat":[466,338],"product_tag":[],"class_list":{"0":"post-22798","1":"product","2":"type-product","3":"status-publish","4":"has-post-thumbnail","6":"product_cat-sac-ete-et-plage","7":"product_cat-voyage-bagagerie","9":"first","10":"instock","11":"shipping-taxable","12":"purchasable","13":"product-type-simple"},"_links":{"self":[{"href":"https:\/\/www.hapy-com.fr\/echoppe\/wp-json\/wp\/v2\/product\/22798","targetHints":{"allow":["GET"]}}],"collection":[{"href":"https:\/\/www.hapy-com.fr\/echoppe\/wp-json\/wp\/v2\/product"}],"about":[{"href":"https:\/\/www.hapy-com.fr\/echoppe\/wp-json\/wp\/v2\/types\/product"}],"wp:featuredmedia":[{"embeddable":true,"href":"https:\/\/www.hapy-com.fr\/echoppe\/wp-json\/wp\/v2\/media\/22797"}],"wp:attachment":[{"href":"https:\/\/www.hapy-com.fr\/echoppe\/wp-json\/wp\/v2\/media?parent=22798"}],"wp:term":[{"taxonomy":"product_cat","embeddable":true,"href":"https:\/\/www.hapy-com.fr\/echoppe\/wp-json\/wp\/v2\/product_cat?post=22798"},{"taxonomy":"product_tag","embeddable":true,"href":"https:\/\/www.hapy-com.fr\/echoppe\/wp-json\/wp\/v2\/product_tag?post=22798"}],"curies":[{"name":"wp","href":"https:\/\/api.w.org\/{rel}","templated":true}]}}