{"id":22802,"date":"2022-06-24T13:52:55","date_gmt":"2022-06-24T11:52:55","guid":{"rendered":"http:\/\/www.hapy-com.fr\/echoppe\/product\/sac-a-dos-zircan-2\/"},"modified":"2022-06-24T13:52:55","modified_gmt":"2022-06-24T11:52:55","slug":"sac-a-dos-zircan-2","status":"publish","type":"product","link":"https:\/\/www.hapy-com.fr\/echoppe\/product\/sac-a-dos-zircan-2\/","title":{"rendered":"Sac \u00e0 Dos Zircan"},"content":{"rendered":"<p>\u00c9l\u00e9gant sac \u00e0 dos professionnel en nylon de haute qualit\u00e9. Avec compartiment interne avec sortie USB pour la connexion Powerbank &#8211; non inclus &#8211; comprend un c\u00e2ble micro USB de 1 m\u00e8tre de long pour une commodit\u00e9 totale dans la recharge de tout appareil mobile. Avec compartiment int\u00e9rieur rembourr\u00e9 pour ordinateur portable jusqu\u00b4\u00e0 15 pouces et beaucoup de poches int\u00e9rieures et ext\u00e9rieures. Bretelles et dos avec rembourrage ergonomique.<\/p>\n","protected":false},"excerpt":{"rendered":"<p>\u00c9l\u00e9gant sac \u00e0 dos professionnel en nylon de haute qualit\u00e9. Avec compartiment interne avec sortie USB pour la connexion Powerbank &#8211; non inclus &#8211; comprend un c\u00e2ble micro USB de&#8230;<\/p>\n","protected":false},"featured_media":22801,"template":"","meta":[],"product_cat":[338],"product_tag":[],"class_list":{"0":"post-22802","1":"product","2":"type-product","3":"status-publish","4":"has-post-thumbnail","6":"product_cat-voyage-bagagerie","8":"first","9":"instock","10":"shipping-taxable","11":"purchasable","12":"product-type-simple"},"_links":{"self":[{"href":"https:\/\/www.hapy-com.fr\/echoppe\/wp-json\/wp\/v2\/product\/22802","targetHints":{"allow":["GET"]}}],"collection":[{"href":"https:\/\/www.hapy-com.fr\/echoppe\/wp-json\/wp\/v2\/product"}],"about":[{"href":"https:\/\/www.hapy-com.fr\/echoppe\/wp-json\/wp\/v2\/types\/product"}],"wp:featuredmedia":[{"embeddable":true,"href":"https:\/\/www.hapy-com.fr\/echoppe\/wp-json\/wp\/v2\/media\/22801"}],"wp:attachment":[{"href":"https:\/\/www.hapy-com.fr\/echoppe\/wp-json\/wp\/v2\/media?parent=22802"}],"wp:term":[{"taxonomy":"product_cat","embeddable":true,"href":"https:\/\/www.hapy-com.fr\/echoppe\/wp-json\/wp\/v2\/product_cat?post=22802"},{"taxonomy":"product_tag","embeddable":true,"href":"https:\/\/www.hapy-com.fr\/echoppe\/wp-json\/wp\/v2\/product_tag?post=22802"}],"curies":[{"name":"wp","href":"https:\/\/api.w.org\/{rel}","templated":true}]}}