{"id":22806,"date":"2022-06-24T13:52:59","date_gmt":"2022-06-24T11:52:59","guid":{"rendered":"http:\/\/www.hapy-com.fr\/echoppe\/product\/sac-a-dos-pliable-mathis\/"},"modified":"2022-06-24T13:52:59","modified_gmt":"2022-06-24T11:52:59","slug":"sac-a-dos-pliable-mathis","status":"publish","type":"product","link":"https:\/\/www.hapy-com.fr\/echoppe\/product\/sac-a-dos-pliable-mathis\/","title":{"rendered":"Sac \u00e0 Dos Pliable Mathis"},"content":{"rendered":"<p>Sac \u00e0 dos pliable en polyester 210D aux couleurs gaies, avec fermeture zipp\u00e9e, poche frontale et passe-fil pour \u00e9couteurs. Avec coins renforc\u00e9s, bretelles r\u00e9glables , accessoires gris et sangle pour transport. Se plie en petite taille.<\/p>\n","protected":false},"excerpt":{"rendered":"<p>Sac \u00e0 dos pliable en polyester 210D aux couleurs gaies, avec fermeture zipp\u00e9e, poche frontale et passe-fil pour \u00e9couteurs. Avec coins renforc\u00e9s, bretelles r\u00e9glables , accessoires gris et sangle pour&#8230;<\/p>\n","protected":false},"featured_media":22805,"template":"","meta":[],"product_cat":[338],"product_tag":[],"class_list":{"0":"post-22806","1":"product","2":"type-product","3":"status-publish","4":"has-post-thumbnail","6":"product_cat-voyage-bagagerie","8":"first","9":"instock","10":"shipping-taxable","11":"purchasable","12":"product-type-simple"},"_links":{"self":[{"href":"https:\/\/www.hapy-com.fr\/echoppe\/wp-json\/wp\/v2\/product\/22806","targetHints":{"allow":["GET"]}}],"collection":[{"href":"https:\/\/www.hapy-com.fr\/echoppe\/wp-json\/wp\/v2\/product"}],"about":[{"href":"https:\/\/www.hapy-com.fr\/echoppe\/wp-json\/wp\/v2\/types\/product"}],"wp:featuredmedia":[{"embeddable":true,"href":"https:\/\/www.hapy-com.fr\/echoppe\/wp-json\/wp\/v2\/media\/22805"}],"wp:attachment":[{"href":"https:\/\/www.hapy-com.fr\/echoppe\/wp-json\/wp\/v2\/media?parent=22806"}],"wp:term":[{"taxonomy":"product_cat","embeddable":true,"href":"https:\/\/www.hapy-com.fr\/echoppe\/wp-json\/wp\/v2\/product_cat?post=22806"},{"taxonomy":"product_tag","embeddable":true,"href":"https:\/\/www.hapy-com.fr\/echoppe\/wp-json\/wp\/v2\/product_tag?post=22806"}],"curies":[{"name":"wp","href":"https:\/\/api.w.org\/{rel}","templated":true}]}}